{"id":1379,"date":"2020-09-29T18:08:06","date_gmt":"2020-09-29T18:08:06","guid":{"rendered":"https:\/\/mfc08.de\/?page_id=1379"},"modified":"2021-09-14T12:01:04","modified_gmt":"2021-09-14T12:01:04","slug":"shop","status":"publish","type":"page","link":"https:\/\/mfc08.de\/?page_id=1379","title":{"rendered":"Shop"},"content":{"rendered":"\t\t<div data-elementor-type=\"wp-page\" data-elementor-id=\"1379\" class=\"elementor elementor-1379\">\n\t\t\t\t\t\t<section class=\"elementor-section elementor-top-section elementor-element elementor-element-ab95a68 elementor-section-boxed elementor-section-height-default elementor-section-height-default\" data-id=\"ab95a68\" data-element_type=\"section\" data-e-type=\"section\">\n\t\t\t\t\t\t<div class=\"elementor-container elementor-column-gap-default\">\n\t\t\t\t\t<div class=\"elementor-column elementor-col-100 elementor-top-column elementor-element elementor-element-dc462db\" data-id=\"dc462db\" data-element_type=\"column\" data-e-type=\"column\">\n\t\t\t<div class=\"elementor-widget-wrap elementor-element-populated\">\n\t\t\t\t\t\t<div class=\"elementor-element elementor-element-a81a1d3 elementor-widget elementor-widget-spacer\" data-id=\"a81a1d3\" data-element_type=\"widget\" data-e-type=\"widget\" data-widget_type=\"spacer.default\">\n\t\t\t\t<div class=\"elementor-widget-container\">\n\t\t\t\t\t\t\t<div class=\"elementor-spacer\">\n\t\t\t<div class=\"elementor-spacer-inner\"><\/div>\n\t\t<\/div>\n\t\t\t\t\t\t<\/div>\n\t\t\t\t<\/div>\n\t\t\t\t\t<\/div>\n\t\t<\/div>\n\t\t\t\t\t<\/div>\n\t\t<\/section>\n\t\t\t\t<section class=\"elementor-section elementor-top-section elementor-element elementor-element-86e81d6 elementor-section-boxed elementor-section-height-default elementor-section-height-default\" data-id=\"86e81d6\" data-element_type=\"section\" data-e-type=\"section\">\n\t\t\t\t\t\t<div class=\"elementor-container elementor-column-gap-default\">\n\t\t\t\t\t<div class=\"elementor-column elementor-col-50 elementor-top-column elementor-element elementor-element-4954019\" data-id=\"4954019\" data-element_type=\"column\" data-e-type=\"column\">\n\t\t\t<div class=\"elementor-widget-wrap elementor-element-populated\">\n\t\t\t\t\t\t<div class=\"elementor-element elementor-element-3f87635 elementor-widget elementor-widget-text-editor\" data-id=\"3f87635\" data-element_type=\"widget\" data-e-type=\"widget\" data-widget_type=\"text-editor.default\">\n\t\t\t\t<div class=\"elementor-widget-container\">\n\t\t\t\t\t\t\t\t\t<p style=\"text-align: center;\">Hier geht&#8217;s zum Shop -&gt;<\/p>\t\t\t\t\t\t\t\t<\/div>\n\t\t\t\t<\/div>\n\t\t\t\t\t<\/div>\n\t\t<\/div>\n\t\t\t\t<div class=\"elementor-column elementor-col-50 elementor-top-column elementor-element elementor-element-332ea7f\" data-id=\"332ea7f\" data-element_type=\"column\" data-e-type=\"column\">\n\t\t\t<div class=\"elementor-widget-wrap elementor-element-populated\">\n\t\t\t\t\t\t<div class=\"elementor-element elementor-element-70c996f elementor-align-center elementor-widget elementor-widget-button\" data-id=\"70c996f\" data-element_type=\"widget\" data-e-type=\"widget\" data-widget_type=\"button.default\">\n\t\t\t\t<div class=\"elementor-widget-container\">\n\t\t\t\t\t\t\t\t\t<div class=\"elementor-button-wrapper\">\n\t\t\t\t\t<a class=\"elementor-button elementor-button-link elementor-size-sm\" href=\"https:\/\/www.jako.de\/de\/team\/mfc_08_lindenhof_e_v_\/\">\n\t\t\t\t\t\t<span class=\"elementor-button-content-wrapper\">\n\t\t\t\t\t\t<span class=\"elementor-button-icon\">\n\t\t\t\t<i aria-hidden=\"true\" class=\"fas fa-shopping-cart\"><\/i>\t\t\t<\/span>\n\t\t\t\t\t\t\t\t\t<span class=\"elementor-button-text\">Onlineshop<\/span>\n\t\t\t\t\t<\/span>\n\t\t\t\t\t<\/a>\n\t\t\t\t<\/div>\n\t\t\t\t\t\t\t\t<\/div>\n\t\t\t\t<\/div>\n\t\t\t\t\t<\/div>\n\t\t<\/div>\n\t\t\t\t\t<\/div>\n\t\t<\/section>\n\t\t\t\t<section class=\"elementor-section elementor-top-section elementor-element elementor-element-3c7f6c8 elementor-section-boxed elementor-section-height-default elementor-section-height-default\" data-id=\"3c7f6c8\" data-element_type=\"section\" data-e-type=\"section\">\n\t\t\t\t\t\t<div class=\"elementor-container elementor-column-gap-default\">\n\t\t\t\t\t<div class=\"elementor-column elementor-col-100 elementor-top-column elementor-element elementor-element-deb4fbd\" data-id=\"deb4fbd\" data-element_type=\"column\" data-e-type=\"column\">\n\t\t\t<div class=\"elementor-widget-wrap elementor-element-populated\">\n\t\t\t\t\t\t<div class=\"elementor-element elementor-element-9c9732f elementor-widget elementor-widget-text-editor\" data-id=\"9c9732f\" data-element_type=\"widget\" data-e-type=\"widget\" data-widget_type=\"text-editor.default\">\n\t\t\t\t<div class=\"elementor-widget-container\">\n\t\t\t\t\t\t\t\t\t<p>(zum Shop derzeit noch mit Passwort:\u00a0 MFC08_Jugend )<\/p><p>Der MFC 08 Lindenhof hat in Kooperation mit Engelhorn Sport eine einheitliche Bekleidungskollektion erstellt. Unser Verein hat sich hierbei f\u00fcr eine\u00a0<strong>professionelle Sport-Kollektion von JAKO<\/strong>\u00a0entschieden, deren Oberteile mit dem Vereinslogo und Schriftz\u00fcgen individualisiert werden. Dabei wurde besonders viel Wert auf eine qualitativ hochwertige Kollektion gelegt.<\/p><p>Unser Partner Engelhorn Sport hat die Kollektion als Online-Shop umgesetzt, in dem unsere\u00a0<strong>Mitglieder direkt bestellen<\/strong>\u00a0k\u00f6nnen. Dabei kann jeder Artikel aus der Vereinslinie einzeln bestellt werden und mit dem eigenen Namen, den eigenen Initialen und einer Spielernummer beschriftet werden. Die Zahlung erfolgt jeweils direkt durch unsere Mitglieder an Engelhorn Sport, der Versand der individualisierten Bekleidung erfolgt direkt an die bei der Bestellung angegebene Wunschanschrift. Alternativ ist auch eine Selbstabholung bei Engelhorn Teamsport in der Fabrikationsstra\u00dfe m\u00f6glich. Durch die \u00fcblichen Lieferzeiten von zwei bis drei Wochen entfallen die Wartezeiten und der Arbeitsaufwand von Sammelbestellungen.<\/p><p>Die im Online-Shop angegebenen Preise beinhalten die\u00a0<strong>offizielle Vereinsbeschriftung<\/strong>. Unser Verein hat f\u00fcr die Bekleidung besonders g\u00fcnstige Konditionen mit Engelhorn Sport ausgehandelt, damit unsere Mitglieder gegen\u00fcber dem Einzelkauf und der unverbindlichen Preisempfehlung des Herstellers deutlich sparen.<\/p><p>Viele Artikel aus unserer offiziellen Vereinslinie sind Funktionsartikel, die beispielsweise atmungsaktiv sind und den Schwei\u00df vom K\u00f6rper weg transportieren. Wir haben bei der Auswahl auf qualitativ hochwertige Materialien geachtet. Die Beschriftung unserer Vereinsbekleidung erfolgt bei einfarbigen Motiven und Schriftz\u00fcgen als qualitativ hochwertiger Folientransfer, der sich fest mit der Bekleidung verbindet.<\/p><p>Unser Ziel ist es, dass sich alle Vereinsmitglieder m\u00f6glichst schnell mit der neuen Vereinslinie ausstatten, damit wir\u00a0<strong>einheitlich und professionell in der neuen Optik auftreten<\/strong>. Besonders gut sieht das nat\u00fcrlich bei allen \u00f6ffentlichen Veranstaltungen unseres Vereins aus. Wenn die Bekleidung bei euch eingetroffen ist, tauscht auch gerne die Fotos eurer Profile und zeigt die neue Vereinsbekleidung auch dort \u2013 das hilft die Attraktivit\u00e4t unseres Vereins zu f\u00f6rdern.<\/p><p><strong>Wir haben mit Englernhorn Sport und Engelhorn ActiveTown eine zus\u00e4tzliche Vereinbarung getroffen. Alle unsere Mitglieder erhalten auf Fu\u00dfball- und Tennisartikel (Tennis- und Fu\u00dfballschuhe, Tennis- und Fu\u00dfballhartware und Tennis- und Fu\u00dfballtextilien) bis zu 20,0% Rabatt.<\/strong><\/p>\t\t\t\t\t\t\t\t<\/div>\n\t\t\t\t<\/div>\n\t\t\t\t\t<\/div>\n\t\t<\/div>\n\t\t\t\t\t<\/div>\n\t\t<\/section>\n\t\t\t\t<section class=\"elementor-section elementor-top-section elementor-element elementor-element-14ef84b elementor-section-boxed elementor-section-height-default elementor-section-height-default\" data-id=\"14ef84b\" data-element_type=\"section\" data-e-type=\"section\">\n\t\t\t\t\t\t<div class=\"elementor-container elementor-column-gap-default\">\n\t\t\t\t\t<div class=\"elementor-column elementor-col-100 elementor-top-column elementor-element elementor-element-a4c5e3a\" data-id=\"a4c5e3a\" data-element_type=\"column\" data-e-type=\"column\">\n\t\t\t<div class=\"elementor-widget-wrap elementor-element-populated\">\n\t\t\t\t\t\t<div class=\"elementor-element elementor-element-2d4fe13 elementor-hidden-mobile elementor-hidden-desktop elementor-hidden-tablet elementor-widget elementor-widget-text-editor\" data-id=\"2d4fe13\" data-element_type=\"widget\" data-e-type=\"widget\" data-widget_type=\"text-editor.default\">\n\t\t\t\t<div class=\"elementor-widget-container\">\n\t\t\t\t\t\t\t\t\t<p style=\"text-align: center;\">Mitglieder des MFC 08 Lindenhof erhalten bei<\/p>\n<img decoding=\"async\" class=\"size-full wp-image-3589 aligncenter\" src=\"https:\/\/mfc08.de\/wp-content\/uploads\/2021\/08\/engelhorn.png\" alt=\"\" width=\"210\" height=\"63\" \/>\n<p style=\"text-align: center;\">auf Schuhe, Kleidung und Hardware der Warengruppen Fu\u00dfball und Tennis<\/p>\n\n<p style=\"text-align: center;\">\u00a0\u00a0 \u00a0\u00a0\u00a0\u00a0\u00a0\u00a0\u00a0\u00a0<strong>20,0% Rabatt\u00a0\u00a0<\/strong>\u00a0\u00a0\u00a0\u00a0\u00a0\u00a0\u00a0\u00a0\u00a0\u00a0\u00a0\u00a0\u00a0\u00a0\u00a0\u00a0\u00a0\u00a0\u00a0\u00a0\u00a0\u00a0\u00a0\u00a0\u00a0\u00a0\u00a0\u00a0\u00a0\u00a0\u00a0\u00a0\u00a0\u00a0\u00a0\u00a0\u00a0\u00a0\u00a0\u00a0<strong> 15,0% Rabatt<\/strong><\/p>\n\u00a0 \u00a0 \u00a0 \u00a0 \u00a0 \u00a0 \u00a0 \u00a0 \u00a0 \u00a0 \u00a0 \u00a0 \u00a0 \u00a0 \u00a0 \u00a0 \u00a0 \u00a0 \u00a0 \u00a0 \u00a0 \u00a0 \u00a0 \u00a0 \u00a0 \u00a0 \u00a0 \u00a0 \u00a0 \u00a0 \u00a0 \u00a0 \u00a0 \u00a0 \u00a0 \u00a0 \u00a0 \u00a0 \u00a0 \u00a0 \u00a0 \u00a0 \u00a0 \u00a0 \u00a0 \u00a0 \u00a0 \u00a0 \u00a0auf originale Preise\u00a0 \u00a0 \u00a0 \u00a0 \u00a0 \u00a0 \u00a0 \u00a0 \u00a0 \u00a0 \u00a0 \u00a0 \u00a0 \u00a0 \u00a0 \u00a0 \u00a0 \u00a0auf reduzierte Preise\n<p style=\"text-align: center;\">\u00a0die f\u00fcr den Rabatt n\u00f6tige Kundennummer erhaltet ihr bei den Verantwortlichen des Vereines<\/p>\t\t\t\t\t\t\t\t<\/div>\n\t\t\t\t<\/div>\n\t\t\t\t\t<\/div>\n\t\t<\/div>\n\t\t\t\t\t<\/div>\n\t\t<\/section>\n\t\t\t\t<section class=\"elementor-section elementor-top-section elementor-element elementor-element-ab17a54 elementor-section-boxed elementor-section-height-default elementor-section-height-default\" data-id=\"ab17a54\" data-element_type=\"section\" data-e-type=\"section\">\n\t\t\t\t\t\t<div class=\"elementor-container elementor-column-gap-default\">\n\t\t\t\t\t<div class=\"elementor-column elementor-col-100 elementor-top-column elementor-element elementor-element-4d21b7d\" data-id=\"4d21b7d\" data-element_type=\"column\" data-e-type=\"column\">\n\t\t\t<div class=\"elementor-widget-wrap elementor-element-populated\">\n\t\t\t\t\t\t<div class=\"elementor-element elementor-element-72882d2 elementor-hidden-mobile elementor-hidden-desktop elementor-hidden-tablet elementor-widget elementor-widget-text-editor\" data-id=\"72882d2\" data-element_type=\"widget\" data-e-type=\"widget\" data-widget_type=\"text-editor.default\">\n\t\t\t\t<div class=\"elementor-widget-container\">\n\t\t\t\t\t\t\t\t\t<p style=\"text-align: center;\">Mitglieder des MFC 08 Lindenhof erhalten bei<\/p><p><img decoding=\"async\" class=\"size-full wp-image-3589 aligncenter\" src=\"https:\/\/mfc08.de\/wp-content\/uploads\/2021\/08\/engelhorn.png\" alt=\"\" width=\"210\" height=\"63\" \/><\/p><p style=\"text-align: center;\">auf Schuhe, Kleidung und Hardware der Warengruppen Fu\u00dfball und Tennis<\/p><p style=\"text-align: center;\"><strong>20,0% Rabatt <\/strong>auf originale Preise<\/p><p style=\"text-align: center;\"><strong> 15,0% Rabatt <\/strong>auf reduzierte Preise<\/p><p style=\"text-align: center;\">\u00a0die f\u00fcr den Rabatt n\u00f6tige Kundennummer erhaltet ihr bei den Verantwortlichen des Vereines<\/p>\t\t\t\t\t\t\t\t<\/div>\n\t\t\t\t<\/div>\n\t\t\t\t\t<\/div>\n\t\t<\/div>\n\t\t\t\t\t<\/div>\n\t\t<\/section>\n\t\t\t\t<section class=\"elementor-section elementor-top-section elementor-element elementor-element-41e5f7d elementor-section-boxed elementor-section-height-default elementor-section-height-default\" data-id=\"41e5f7d\" data-element_type=\"section\" data-e-type=\"section\">\n\t\t\t\t\t\t<div class=\"elementor-container elementor-column-gap-default\">\n\t\t\t\t\t<div class=\"elementor-column elementor-col-100 elementor-top-column elementor-element elementor-element-dde5f1a\" data-id=\"dde5f1a\" data-element_type=\"column\" data-e-type=\"column\">\n\t\t\t<div class=\"elementor-widget-wrap elementor-element-populated\">\n\t\t\t\t\t\t<div class=\"elementor-element elementor-element-a012967 elementor-hidden-mobile elementor-hidden-desktop elementor-hidden-tablet elementor-widget elementor-widget-text-editor\" data-id=\"a012967\" data-element_type=\"widget\" data-e-type=\"widget\" data-widget_type=\"text-editor.default\">\n\t\t\t\t<div class=\"elementor-widget-container\">\n\t\t\t\t\t\t\t\t\t<p style=\"text-align: center;\">Mitglieder des MFC 08 Lindenhof erhalten bei<\/p>\n<img decoding=\"async\" class=\"size-full wp-image-3589 aligncenter\" src=\"https:\/\/mfc08.de\/wp-content\/uploads\/2021\/08\/engelhorn.png\" alt=\"\" width=\"210\" height=\"63\" \/>\n<p style=\"text-align: center;\">auf Schuhe, Kleidung und Hardware der Warengruppen Fu\u00dfball und Tennis<\/p>\n<p style=\"text-align: center;\">\u00a0\u00a0 \u00a0\u00a0\u00a0\u00a0\u00a0\u00a0\u00a0\u00a0<strong>20,0% Rabatt\u00a0\u00a0<\/strong>\u00a0\u00a0\u00a0\u00a0\u00a0\u00a0\u00a0\u00a0\u00a0\u00a0\u00a0\u00a0\u00a0\u00a0\u00a0\u00a0\u00a0\u00a0\u00a0\u00a0\u00a0\u00a0\u00a0\u00a0\u00a0\u00a0\u00a0\u00a0\u00a0\u00a0\u00a0\u00a0\u00a0\u00a0\u00a0\u00a0\u00a0\u00a0\u00a0\u00a0<strong> 15,0% Rabatt<\/strong><\/p>\n\u00a0 \u00a0 \u00a0 \u00a0 \u00a0 \u00a0 \u00a0 \u00a0 \u00a0 \u00a0 \u00a0 \u00a0 \u00a0 \u00a0 \u00a0 \u00a0 \u00a0 \u00a0 \u00a0 \u00a0 \u00a0 \u00a0 \u00a0 \u00a0 \u00a0 auf originale Preise\u00a0 \u00a0 \u00a0 \u00a0 \u00a0 \u00a0 \u00a0 \u00a0 \u00a0 \u00a0 \u00a0 \u00a0 \u00a0 \u00a0 \u00a0 \u00a0 \u00a0 \u00a0auf reduzierte Preise\n<p style=\"text-align: center;\">\u00a0die f\u00fcr den Rabatt n\u00f6tige Kundennummer erhaltet ihr bei den Verantwortlichen des Vereines<\/p>\t\t\t\t\t\t\t\t<\/div>\n\t\t\t\t<\/div>\n\t\t\t\t\t<\/div>\n\t\t<\/div>\n\t\t\t\t\t<\/div>\n\t\t<\/section>\n\t\t\t\t<section class=\"elementor-section elementor-top-section elementor-element elementor-element-955ad19 elementor-section-boxed elementor-section-height-default elementor-section-height-default\" data-id=\"955ad19\" data-element_type=\"section\" data-e-type=\"section\">\n\t\t\t\t\t\t<div class=\"elementor-container elementor-column-gap-default\">\n\t\t\t\t\t<div class=\"elementor-column elementor-col-100 elementor-top-column elementor-element elementor-element-7a1ffec\" data-id=\"7a1ffec\" data-element_type=\"column\" data-e-type=\"column\">\n\t\t\t<div class=\"elementor-widget-wrap elementor-element-populated\">\n\t\t\t\t\t\t<div class=\"elementor-element elementor-element-39fe35a elementor-hidden-desktop elementor-hidden-tablet elementor-widget elementor-widget-text-editor\" data-id=\"39fe35a\" data-element_type=\"widget\" data-e-type=\"widget\" data-widget_type=\"text-editor.default\">\n\t\t\t\t<div class=\"elementor-widget-container\">\n\t\t\t\t\t\t\t\t\t<p style=\"text-align: center;\">Mitglieder des MFC 08 Lindenhof erhalten bei<\/p><p><img decoding=\"async\" class=\"size-full wp-image-3589 aligncenter\" src=\"https:\/\/mfc08.de\/wp-content\/uploads\/2021\/08\/engelhorn.png\" alt=\"\" width=\"210\" height=\"63\" \/><\/p><p style=\"text-align: center;\">auf Schuhe, Kleidung und Hardware der Warengruppen Fu\u00dfball und Tennis<\/p><p style=\"text-align: center;\"><strong>20,0% Rabatt\u00a0<\/strong><\/p><p style=\"text-align: center;\">\u00a0\u00a0auf originale Preise<\/p><p style=\"text-align: center;\"><strong>15,0% Rabatt<\/strong><\/p><p style=\"text-align: center;\">\u00a0 \u00a0auf reduzierte Preise<\/p><p style=\"text-align: center;\">\u00a0die f\u00fcr den Rabatt n\u00f6tige Kundennummer erhaltet ihr bei den Verantwortlichen des Vereines<\/p>\t\t\t\t\t\t\t\t<\/div>\n\t\t\t\t<\/div>\n\t\t\t\t\t<\/div>\n\t\t<\/div>\n\t\t\t\t\t<\/div>\n\t\t<\/section>\n\t\t\t\t<section class=\"elementor-section elementor-top-section elementor-element elementor-element-d8d08b9 elementor-section-boxed elementor-section-height-default elementor-section-height-default\" data-id=\"d8d08b9\" data-element_type=\"section\" data-e-type=\"section\">\n\t\t\t\t\t\t<div class=\"elementor-container elementor-column-gap-default\">\n\t\t\t\t\t<div class=\"elementor-column elementor-col-100 elementor-top-column elementor-element elementor-element-9105894\" data-id=\"9105894\" data-element_type=\"column\" data-e-type=\"column\">\n\t\t\t<div class=\"elementor-widget-wrap elementor-element-populated\">\n\t\t\t\t\t\t<div class=\"elementor-element elementor-element-0fab128 elementor-hidden-mobile elementor-widget elementor-widget-html\" data-id=\"0fab128\" data-element_type=\"widget\" data-e-type=\"widget\" data-widget_type=\"html.default\">\n\t\t\t\t<div class=\"elementor-widget-container\">\n\t\t\t\t\t<p style=\"text-align: center;\">Mitglieder des MFC 08 Lindenhof erhalten bei<\/p>\r\n\r\n<ul class=\"ul_class\">\r\n         <li class=\"li_class\"><img decoding=\"async\" src=\"https:\/\/mfc08.de\/wp-content\/uploads\/2021\/08\/engelhorn.png\" alt=\"Snow\" style=\"width:100%\"><\/li>           \r\n         <li class=\"li_class\"><img decoding=\"async\" src=\"https:\/\/mfc08.de\/wp-content\/uploads\/2021\/09\/Bild2.jpg\" alt=\"Snow\" style=\"width:100%\"><\/li>\r\n      <\/ul>\r\n\r\n<p style=\"text-align: center;\">auf Schuhe, Kleidung und Hardware der Warengruppen Fu\u00dfball und Tennis<\/p>\r\n\r\n<table class=\"center\">\r\n  <tr>\r\n    <th>20,0% Rabatt<\/th>\r\n    <th>15,00 Rabatt<\/th>\r\n    \r\n  <\/tr>\r\n  <tr>\r\n    <td>auf originale Preise<\/td>\r\n    <td>auf reduzierte Preise<\/td>\r\n    \r\n  <\/tr>\r\n<\/table>\r\n\r\n<style>\r\n* {\r\n         box-sizing: border-box;\r\n         }\r\n         .ul_class {\r\n         width: 100%;\r\n         display:block;\r\n         text-align: center;\r\n         }\r\n         .li_class {\r\n         width: 33.33%;\r\n         display:inline-block;\r\n         margin-right: 50px;\r\n         }\r\n\r\n.center {\r\n  margin-left: 20%;\r\n  margin-right: 20%;\r\n}\r\n<\/style>\r\n\r\n\r\n<p style=\"text-align: center;\">die f\u00fcr den Rabatt n\u00f6tige Kundennummer erhaltet ihr bei den Verantwortlichen des Vereines<\/p>\t\t\t\t<\/div>\n\t\t\t\t<\/div>\n\t\t\t\t\t<\/div>\n\t\t<\/div>\n\t\t\t\t\t<\/div>\n\t\t<\/section>\n\t\t\t\t<\/div>\n\t\t","protected":false},"excerpt":{"rendered":"<p>Hier geht&#8217;s zum Shop -&gt; Onlineshop (zum Shop derzeit noch mit Passwort:\u00a0 MFC08_Jugend ) Der MFC 08 Lindenhof hat in Kooperation mit Engelhorn Sport eine einheitliche Bekleidungskollektion erstellt. Unser Verein hat sich hierbei f\u00fcr eine\u00a0professionelle Sport-Kollektion von JAKO\u00a0entschieden, deren Oberteile mit dem Vereinslogo und Schriftz\u00fcgen individualisiert werden. Dabei wurde besonders viel Wert auf eine qualitativ&hellip;&nbsp;<a href=\"https:\/\/mfc08.de\/?page_id=1379\" rel=\"bookmark\">Weiterlesen &raquo;<span class=\"screen-reader-text\">Shop<\/span><\/a><\/p>\n","protected":false},"author":1,"featured_media":0,"parent":0,"menu_order":0,"comment_status":"closed","ping_status":"closed","template":"","meta":{"neve_meta_sidebar":"","neve_meta_container":"","neve_meta_enable_content_width":"","neve_meta_content_width":0,"neve_meta_title_alignment":"center","neve_meta_author_avatar":"","neve_post_elements_order":"","neve_meta_disable_header":"","neve_meta_disable_footer":"","neve_meta_disable_title":"off","_themeisle_gutenberg_block_has_review":false,"footnotes":""},"class_list":["post-1379","page","type-page","status-publish","hentry"],"_links":{"self":[{"href":"https:\/\/mfc08.de\/index.php?rest_route=\/wp\/v2\/pages\/1379","targetHints":{"allow":["GET"]}}],"collection":[{"href":"https:\/\/mfc08.de\/index.php?rest_route=\/wp\/v2\/pages"}],"about":[{"href":"https:\/\/mfc08.de\/index.php?rest_route=\/wp\/v2\/types\/page"}],"author":[{"embeddable":true,"href":"https:\/\/mfc08.de\/index.php?rest_route=\/wp\/v2\/users\/1"}],"replies":[{"embeddable":true,"href":"https:\/\/mfc08.de\/index.php?rest_route=%2Fwp%2Fv2%2Fcomments&post=1379"}],"version-history":[{"count":115,"href":"https:\/\/mfc08.de\/index.php?rest_route=\/wp\/v2\/pages\/1379\/revisions"}],"predecessor-version":[{"id":3877,"href":"https:\/\/mfc08.de\/index.php?rest_route=\/wp\/v2\/pages\/1379\/revisions\/3877"}],"wp:attachment":[{"href":"https:\/\/mfc08.de\/index.php?rest_route=%2Fwp%2Fv2%2Fmedia&parent=1379"}],"curies":[{"name":"wp","href":"https:\/\/api.w.org\/{rel}","templated":true}]}}