{"id":37,"date":"2020-03-14T07:23:36","date_gmt":"2020-03-14T07:23:36","guid":{"rendered":"http:\/\/mfc08.de\/wordpress\/?page_id=37"},"modified":"2025-04-24T11:11:43","modified_gmt":"2025-04-24T11:11:43","slug":"tennis","status":"publish","type":"page","link":"https:\/\/mfc08.de\/?page_id=37","title":{"rendered":"Abteilung Tennis"},"content":{"rendered":"\t\t<div data-elementor-type=\"wp-page\" data-elementor-id=\"37\" class=\"elementor elementor-37\">\n\t\t\t\t\t\t<section class=\"elementor-section elementor-top-section elementor-element elementor-element-9c8fb13 elementor-section-boxed elementor-section-height-default elementor-section-height-default\" data-id=\"9c8fb13\" data-element_type=\"section\" data-e-type=\"section\">\n\t\t\t\t\t\t<div class=\"elementor-container elementor-column-gap-default\">\n\t\t\t\t\t<div class=\"elementor-column elementor-col-100 elementor-top-column elementor-element elementor-element-423f9ff\" data-id=\"423f9ff\" data-element_type=\"column\" data-e-type=\"column\">\n\t\t\t<div class=\"elementor-widget-wrap elementor-element-populated\">\n\t\t\t\t\t\t<div class=\"elementor-element elementor-element-3b7d328 elementor-widget elementor-widget-image\" data-id=\"3b7d328\" data-element_type=\"widget\" data-e-type=\"widget\" data-widget_type=\"image.default\">\n\t\t\t\t<div class=\"elementor-widget-container\">\n\t\t\t\t\t\t\t\t\t\t\t\t\t\t\t<img fetchpriority=\"high\" decoding=\"async\" width=\"600\" height=\"399\" src=\"https:\/\/mfc08.de\/wp-content\/uploads\/2021\/08\/ClubhausTennis08.png\" class=\"attachment-large size-large wp-image-3475\" alt=\"\" srcset=\"https:\/\/mfc08.de\/wp-content\/uploads\/2021\/08\/ClubhausTennis08.png 600w, https:\/\/mfc08.de\/wp-content\/uploads\/2021\/08\/ClubhausTennis08-300x200.png 300w\" sizes=\"(max-width: 600px) 100vw, 600px\" \/>\t\t\t\t\t\t\t\t\t\t\t\t\t\t\t<\/div>\n\t\t\t\t<\/div>\n\t\t\t\t<div class=\"elementor-element elementor-element-bf267ec elementor-widget elementor-widget-text-editor\" data-id=\"bf267ec\" data-element_type=\"widget\" data-e-type=\"widget\" data-widget_type=\"text-editor.default\">\n\t\t\t\t<div class=\"elementor-widget-container\">\n\t\t\t\t\t\t\t\t\t<p><b data-olk-copy-source=\"MessageBody\">Herzlich Willkommen auf der Tennisseite des MFC 08 Lindenhof.<\/b><\/p><p><b><br \/>Bereits seit 1982 wird bei den 08ern neben Fu\u00dfball auch Tennis gespielt.<\/b><\/p><p><b><br \/>Wir sind eine famili\u00e4re Tennisabteilung und verf\u00fcgen \u00fcber 4 gepflegte Tennispl\u00e4tze, sehr idyllisch gelegen zwischen einer Kleingartenanlage und dem Waldpark.<\/b><\/p><p><b>\u00a0<\/b><\/p><p><b>Die Platzreservierung unserer Mitglieder erfolgt \u00fcber ein\u00a0\u00a0<a title=\"https:\/\/mfc08.de\/?page_id=2761\" href=\"https:\/\/mfc08.de\/?page_id=2761\" data-auth=\"NotApplicable\" data-linkindex=\"0\" data-ogsc=\"\">Platzreservierungssystem<\/a>\u00a0\u00a0Hier\u00fcber k\u00f6nnen Sie bequem von zu Hause oder von unterwegs aus, einen Platz ihrer Wahl buchen.<\/b><\/p><p><b>\u00a0<\/b><\/p><p><b>G\u00e4ste von Vereinsmitgliedern sind herzlich willkommen. Vereinsmitglieder m\u00fcssen ihre G\u00e4ste verbindlich \u00fcber das Platzreservierungssystem anmelden. Die Abrechnung des G\u00e4stebeitrags in H\u00f6he von 5 \u20ac\u00a0 pro Gastspiel erfolgt dabei \u00fcber die Anmeldung im Platzreservierungssystem und wird via Paypal abgerechnet.<\/b><\/p><p><b>\u00a0<\/b><\/p><p><b>\u00a0Vereinsfremde\u00a0<span data-ogsc=\"black\">sind ebenfalls herzlich willkommen, unsere Anlage zu nutzen. \u00dcber das Platzreservierungssystem k\u00f6nnen sich Vereinsfremde einen Platz mieten. Die Platzmiete f\u00fcr Vereinsfremde betr\u00e4gt 25 \u20ac pro Stunde und wird auch via Paypal abgerechnet.<\/span><\/b><\/p><p><b>\u00a0<\/b><\/p><p><b>Wir w\u00fcnschen euch viel Spa\u00df beim Spiel auf der sch\u00f6nen Anlage des MFC 08 Lindenhof.<\/b><\/p><p><b>\u00a0<\/b><\/p><p><b>Eure Tennisabteilung<\/b><\/p>\t\t\t\t\t\t\t\t<\/div>\n\t\t\t\t<\/div>\n\t\t\t\t\t<\/div>\n\t\t<\/div>\n\t\t\t\t\t<\/div>\n\t\t<\/section>\n\t\t\t\t<\/div>\n\t\t","protected":false},"excerpt":{"rendered":"<p>Herzlich Willkommen auf der Tennisseite des MFC 08 Lindenhof. Bereits seit 1982 wird bei den 08ern neben Fu\u00dfball auch Tennis gespielt. Wir sind eine famili\u00e4re Tennisabteilung und verf\u00fcgen \u00fcber 4 gepflegte Tennispl\u00e4tze, sehr idyllisch gelegen zwischen einer Kleingartenanlage und dem Waldpark. \u00a0 Die Platzreservierung unserer Mitglieder erfolgt \u00fcber ein\u00a0\u00a0Platzreservierungssystem\u00a0\u00a0Hier\u00fcber k\u00f6nnen Sie bequem von zu Hause&hellip;&nbsp;<a href=\"https:\/\/mfc08.de\/?page_id=37\" rel=\"bookmark\">Weiterlesen &raquo;<span class=\"screen-reader-text\">Abteilung Tennis<\/span><\/a><\/p>\n","protected":false},"author":1,"featured_media":0,"parent":16,"menu_order":0,"comment_status":"closed","ping_status":"closed","template":"","meta":{"neve_meta_sidebar":"","neve_meta_container":"default","neve_meta_enable_content_width":"off","neve_meta_content_width":0,"neve_meta_title_alignment":"center","neve_meta_author_avatar":"","neve_post_elements_order":"","neve_meta_disable_header":"","neve_meta_disable_footer":"","neve_meta_disable_title":"off","_themeisle_gutenberg_block_has_review":false,"footnotes":""},"class_list":["post-37","page","type-page","status-publish","hentry"],"_links":{"self":[{"href":"https:\/\/mfc08.de\/index.php?rest_route=\/wp\/v2\/pages\/37","targetHints":{"allow":["GET"]}}],"collection":[{"href":"https:\/\/mfc08.de\/index.php?rest_route=\/wp\/v2\/pages"}],"about":[{"href":"https:\/\/mfc08.de\/index.php?rest_route=\/wp\/v2\/types\/page"}],"author":[{"embeddable":true,"href":"https:\/\/mfc08.de\/index.php?rest_route=\/wp\/v2\/users\/1"}],"replies":[{"embeddable":true,"href":"https:\/\/mfc08.de\/index.php?rest_route=%2Fwp%2Fv2%2Fcomments&post=37"}],"version-history":[{"count":57,"href":"https:\/\/mfc08.de\/index.php?rest_route=\/wp\/v2\/pages\/37\/revisions"}],"predecessor-version":[{"id":9153,"href":"https:\/\/mfc08.de\/index.php?rest_route=\/wp\/v2\/pages\/37\/revisions\/9153"}],"up":[{"embeddable":true,"href":"https:\/\/mfc08.de\/index.php?rest_route=\/wp\/v2\/pages\/16"}],"wp:attachment":[{"href":"https:\/\/mfc08.de\/index.php?rest_route=%2Fwp%2Fv2%2Fmedia&parent=37"}],"curies":[{"name":"wp","href":"https:\/\/api.w.org\/{rel}","templated":true}]}}