{"id":376,"date":"2020-03-16T19:43:16","date_gmt":"2020-03-16T19:43:16","guid":{"rendered":"http:\/\/mfc08.de\/wordpress\/?page_id=376"},"modified":"2020-12-06T00:23:25","modified_gmt":"2020-12-06T00:23:25","slug":"uebersicht","status":"publish","type":"page","link":"https:\/\/mfc08.de\/?page_id=376","title":{"rendered":"\u00dcbersicht"},"content":{"rendered":"\t\t<div data-elementor-type=\"wp-page\" data-elementor-id=\"376\" class=\"elementor elementor-376\">\n\t\t\t\t\t\t<section class=\"elementor-section elementor-top-section elementor-element elementor-element-32659d5 elementor-section-boxed elementor-section-height-default elementor-section-height-default\" data-id=\"32659d5\" data-element_type=\"section\" data-e-type=\"section\">\n\t\t\t\t\t\t<div class=\"elementor-container elementor-column-gap-default\">\n\t\t\t\t\t<div class=\"elementor-column elementor-col-100 elementor-top-column elementor-element elementor-element-6a1823f\" data-id=\"6a1823f\" data-element_type=\"column\" data-e-type=\"column\">\n\t\t\t<div class=\"elementor-widget-wrap elementor-element-populated\">\n\t\t\t\t\t\t<div class=\"elementor-element elementor-element-82eb822 elementor-widget elementor-widget-shortcode\" data-id=\"82eb822\" data-element_type=\"widget\" data-e-type=\"widget\" data-widget_type=\"shortcode.default\">\n\t\t\t\t<div class=\"elementor-widget-container\">\n\t\t\t\t\t\t\t<div class=\"elementor-shortcode\">\n<table id=\"tablepress-7\" class=\"tablepress tablepress-id-7\">\n<thead>\n<tr class=\"row-1\">\n\t<th colspan=\"2\" class=\"column-1\">Steckbrief<\/th>\n<\/tr>\n<\/thead>\n<tbody class=\"row-striping\">\n<tr class=\"row-2\">\n\t<td class=\"column-1\">Vereinsbezeichnung<\/td><td class=\"column-2\">Mannheimer Fu\u00dfballclub 1908 Lindenhof e.V.<\/td>\n<\/tr>\n<tr class=\"row-3\">\n\t<td class=\"column-1\">Vereinsgr\u00fcndung<\/td><td class=\"column-2\">21.03.1908<\/td>\n<\/tr>\n<tr class=\"row-4\">\n\t<td class=\"column-1\">Gesch\u00e4ftsstelle<\/td><td class=\"column-2\">Promenadenweg 15, 68199 Mannheim<\/td>\n<\/tr>\n<tr class=\"row-5\">\n\t<td class=\"column-1\">Gesch\u00e4ftszeiten<\/td><td class=\"column-2\">Donnerstag 19:00 Uhr \u2013 21:00 Uhr<\/td>\n<\/tr>\n<tr class=\"row-6\">\n\t<td class=\"column-1\">Vorstand<\/td><td class=\"column-2\">Vorsitzender<br \/>\nUwe Jehle<br \/>\nTel.:  0621 \u2013 816464<br \/>\n<br \/>\nstellvertretender Vorsitzender<br \/>\nStefan Norra<br \/>\nTel.:  1577 \u2013 1482972<br \/>\n<br \/>\nSchatzmeister<br \/>\nWolfgang Schell<br \/>\nTel.:  0621 - 825556<br \/>\n<br \/>\nAbteilungsleiter Jugend<br \/>\nSven Drauschke<br \/>\n<br \/>\nAbteilungsleiter Fu\u00dfball<br \/>\nRainer Jehle<br \/>\nTel.:  0176 \u2013 47214439<br \/>\n<br \/>\nAbteilungsleiter Tennis<br \/>\nAndreas Hauk<br \/>\nTel.:  0621 - 8322873<br \/>\n<br \/>\nAbteilungsleiter Roundnet<br \/>\nTristan Jannasch<br \/>\nTel.:  0157 \u2013 81627344<br \/>\n<\/td>\n<\/tr>\n<tr class=\"row-7\">\n\t<td class=\"column-1\">E-Mail<\/td><td class=\"column-2\">vorstand@mfc08.de<\/td>\n<\/tr>\n<tr class=\"row-8\">\n\t<td class=\"column-1\">Internet<\/td><td class=\"column-2\">www.mfc08.de<\/td>\n<\/tr>\n<tr class=\"row-9\">\n\t<td class=\"column-1\">Vereinsfarben<\/td><td class=\"column-2\">Blau-Wei\u00df-Rot<\/td>\n<\/tr>\n<tr class=\"row-10\">\n\t<td class=\"column-1\">Mitgliederzahl<\/td><td class=\"column-2\">586 (Stand 01.01.2020) davon 233 Jugendliche bis 18 Jahre<\/td>\n<\/tr>\n<tr class=\"row-11\">\n\t<td class=\"column-1\">Abteilungen<\/td><td class=\"column-2\">Jugend, Fu\u00dfball, Tennis, Roundnet weitere Gruppen: Senioren-Gymnastik<\/td>\n<\/tr>\n<tr class=\"row-12\">\n\t<td class=\"column-1\">Vereinserfolge<\/td><td class=\"column-2\">1 x Meister Bezirksliga Mannheim: 1999<br \/>\n3 x Meister A-Klasse   \/   Gruppe S\u00fcd, 1951, '67, '91<br \/>\n1 x Meister Kreisklasse 1   \/   Gruppe S\u00fcd: 1947<br \/>\n3 x Meister B-Klasse   \/   Gruppe S\u00fcd\/Staffel 1: 1959, '76, '89<br \/>\n<\/td>\n<\/tr>\n<tr class=\"row-13\">\n\t<td class=\"column-1\">Ligazugeh\u00f6rigkeit<\/td><td class=\"column-2\">2012 \u2013 2021   Kreisliga Mannheim<br \/>\n2010 - 2012   Kreisklasse A1 Mannheim<br \/>\n2004 - 2010   Kreisliga Mannheim<br \/>\n2002 - 2004   Bezirksliga Mannheim<br \/>\n1999 - 2002   Landesliga Rhein-Neckar<br \/>\n1997 - 1999   Bezirksliga Mannheim<br \/>\n<\/td>\n<\/tr>\n<tr class=\"row-14\">\n\t<td class=\"column-1\"><\/td><td class=\"column-2\"><\/td>\n<\/tr>\n<tr class=\"row-15\">\n\t<td class=\"column-1\">Zahlen und Fakten<\/td><td class=\"column-2\"><\/td>\n<\/tr>\n<tr class=\"row-16\">\n\t<td class=\"column-1\"><\/td><td class=\"column-2\">Die Abteilung Fu\u00dfball stellt insgesamt 15 Mannschaften. Davon sind 3 aktive Seniorenteams, eine \u201eAH\u201c Mannschaft und 11 Jugendteams die in verschiedenen Staffeln am Spielbetrieb teilnehmen. Diese sind in Altersgruppen eingeteilt:<\/td>\n<\/tr>\n<tr class=\"row-17\">\n\t<td class=\"column-1\">Jugendmannschaften<\/td><td class=\"column-2\">Bambini bis 7 Jahre<br \/>\nF \u2013 Junioren bis  8 Jahre   \/   1 Mannschaften<br \/>\nE \u2013 Junioren bis 10 Jahre   \/   3 Mannschaften<br \/>\nD \u2013 Junioren bis 12 Jahre   \/   2 Mannschaften<br \/>\nC \u2013 Junioren bis 14 Jahre   \/   1 Mannschaft<br \/>\nB - Junioren bis 16 Jahre   \/   1 Mannschaft<br \/>\nA \u2013 Junioren bis 18 Jahre   \/   1 Mannschaften<br \/>\nB - Juniorinnen bis 16 Jahre  \/  1  Mannschaft<br \/>\n<\/td>\n<\/tr>\n<tr class=\"row-18\">\n\t<td class=\"column-1\">Seniorenmannschaften<\/td><td class=\"column-2\">1. Senioren Mannschaft  \/  Kreisliga<br \/>\n2. Senioren Mannschaft   \/   Kreisklasse A<br \/>\nDamenmannschaft \/ Landesliga<br \/>\nPrivatmannschaft \u201eBlauwei\u00df 08\u201c  \/  PM \u2013 Liga<br \/>\nAH \u201eAlte Herren\u201c \u2013 Mannschaft<\/td>\n<\/tr>\n<tr class=\"row-19\">\n\t<td class=\"column-1\"><\/td><td class=\"column-2\">Um die Jugendmannschaften k\u00fcmmern sich Woche f\u00fcr Woche 35 Trainer und Betreuer \u2013 nat\u00fcrlich ehrenamtlich.<br \/>\n<br \/>\nDem Tennissport f\u00fchlen sich rund 60 Mitglieder verbunden. Gespielt wird mit drei Mannschaften Damen 50+ und 65+, Herren 60+ in verschiedenen Leistungsklassen. Eine kleine, aber feine Tennisanlage mit vier Spielfeldern und modernem Vereinsheim f\u00fcgt sich nahtlos in die Sportanlage des MFC 08 ein.<br \/>\n<br \/>\nEnde 2021 hat sich die neue Abteilung Roundnet gegr\u00fcndet. Hierdurch k\u00f6nnen Aktionen wie Anf\u00e4nger- und Profi-Turniere von den Vereinsstrukturen und -anlagen profitieren, und das Mannheimer Vereinsleben ist um eine Sportart und viele motivierte Spieler:innen und Ehrenamtliche reicher geworden.  <br \/>\n<br \/>\nEine weitere Vereinsgruppe hat sich der Gymnastik und Herz-\/ Kreislauf Vorsorge verschrieben und kommt einmal w\u00f6chentlich am Dienstagabend zu einer \u00dcbungsstunde zusammen.<br \/>\n<br \/>\nAu\u00dferhalb des sportlichen Bereichs geh\u00f6ren ferner Feriencamps f\u00fcr \u201eDaheimgebliebene\u201c oder mehrt\u00e4tige Ferienfreizeiten und Vereinsfahrten ins europ\u00e4ische Ausland ebenso zum Angebot des Vereins, wie kulturelle Veranstaltungen mit sozialem Hintergrund. Jazz-Matinee, Theatergastspiele in den Clubr\u00e4umen, Behinderten(sport)fest, Infoabende f\u00fcr Jugendliche oder derer Eltern zur Sucht- und Drogenpr\u00e4vention, Faschingsfeten sowie Sommerfeste der Abteilungen, Adventskaffee f\u00fcr Senioren und Weihnachtsfeiern f\u00fcr die Jugend und eine Gesamtweihnachtsfeier runden die Veranstaltungspalette ab.<\/td>\n<\/tr>\n<\/tbody>\n<\/table>\n<!-- #tablepress-7 from cache --><\/div>\n\t\t\t\t\t\t<\/div>\n\t\t\t\t<\/div>\n\t\t\t\t\t<\/div>\n\t\t<\/div>\n\t\t\t\t\t<\/div>\n\t\t<\/section>\n\t\t\t\t<\/div>\n\t\t","protected":false},"excerpt":{"rendered":"","protected":false},"author":1,"featured_media":0,"parent":349,"menu_order":0,"comment_status":"closed","ping_status":"closed","template":"","meta":{"neve_meta_sidebar":"full-width","neve_meta_container":"","neve_meta_enable_content_width":"off","neve_meta_content_width":100,"neve_meta_title_alignment":"center","neve_meta_author_avatar":"","neve_post_elements_order":"","neve_meta_disable_header":"","neve_meta_disable_footer":"","neve_meta_disable_title":"","_themeisle_gutenberg_block_has_review":false,"footnotes":""},"class_list":["post-376","page","type-page","status-publish","hentry"],"_links":{"self":[{"href":"https:\/\/mfc08.de\/index.php?rest_route=\/wp\/v2\/pages\/376","targetHints":{"allow":["GET"]}}],"collection":[{"href":"https:\/\/mfc08.de\/index.php?rest_route=\/wp\/v2\/pages"}],"about":[{"href":"https:\/\/mfc08.de\/index.php?rest_route=\/wp\/v2\/types\/page"}],"author":[{"embeddable":true,"href":"https:\/\/mfc08.de\/index.php?rest_route=\/wp\/v2\/users\/1"}],"replies":[{"embeddable":true,"href":"https:\/\/mfc08.de\/index.php?rest_route=%2Fwp%2Fv2%2Fcomments&post=376"}],"version-history":[{"count":53,"href":"https:\/\/mfc08.de\/index.php?rest_route=\/wp\/v2\/pages\/376\/revisions"}],"predecessor-version":[{"id":2871,"href":"https:\/\/mfc08.de\/index.php?rest_route=\/wp\/v2\/pages\/376\/revisions\/2871"}],"up":[{"embeddable":true,"href":"https:\/\/mfc08.de\/index.php?rest_route=\/wp\/v2\/pages\/349"}],"wp:attachment":[{"href":"https:\/\/mfc08.de\/index.php?rest_route=%2Fwp%2Fv2%2Fmedia&parent=376"}],"curies":[{"name":"wp","href":"https:\/\/api.w.org\/{rel}","templated":true}]}}