{"id":380,"date":"2020-03-16T19:43:47","date_gmt":"2020-03-16T19:43:47","guid":{"rendered":"http:\/\/mfc08.de\/wordpress\/?page_id=380"},"modified":"2020-11-26T21:45:53","modified_gmt":"2020-11-26T21:45:53","slug":"gelaende","status":"publish","type":"page","link":"https:\/\/mfc08.de\/?page_id=380","title":{"rendered":"Gel\u00e4nde"},"content":{"rendered":"\t\t<div data-elementor-type=\"wp-page\" data-elementor-id=\"380\" class=\"elementor elementor-380\">\n\t\t\t\t\t\t<section class=\"elementor-section elementor-top-section elementor-element elementor-element-77479db elementor-section-boxed elementor-section-height-default elementor-section-height-default\" data-id=\"77479db\" data-element_type=\"section\" data-e-type=\"section\">\n\t\t\t\t\t\t<div class=\"elementor-container elementor-column-gap-default\">\n\t\t\t\t\t<div class=\"elementor-column elementor-col-100 elementor-top-column elementor-element elementor-element-f349642\" data-id=\"f349642\" data-element_type=\"column\" data-e-type=\"column\">\n\t\t\t<div class=\"elementor-widget-wrap\">\n\t\t\t\t\t\t\t<\/div>\n\t\t<\/div>\n\t\t\t\t\t<\/div>\n\t\t<\/section>\n\t\t\t\t<section class=\"elementor-section elementor-top-section elementor-element elementor-element-4b2e6d7 elementor-section-boxed elementor-section-height-default elementor-section-height-default\" data-id=\"4b2e6d7\" data-element_type=\"section\" data-e-type=\"section\">\n\t\t\t\t\t\t<div class=\"elementor-container elementor-column-gap-default\">\n\t\t\t\t\t<div class=\"elementor-column elementor-col-100 elementor-top-column elementor-element elementor-element-aaa0213\" data-id=\"aaa0213\" data-element_type=\"column\" data-e-type=\"column\">\n\t\t\t<div class=\"elementor-widget-wrap elementor-element-populated\">\n\t\t\t\t\t\t<div class=\"elementor-element elementor-element-0936f1d elementor-arrows-position-outside elementor-pagination-position-outside elementor-widget elementor-widget-image-carousel\" data-id=\"0936f1d\" data-element_type=\"widget\" data-e-type=\"widget\" data-settings=\"{&quot;slides_to_show&quot;:&quot;2&quot;,&quot;slides_to_scroll&quot;:&quot;2&quot;,&quot;pause_on_hover&quot;:&quot;no&quot;,&quot;navigation&quot;:&quot;both&quot;,&quot;autoplay&quot;:&quot;yes&quot;,&quot;pause_on_interaction&quot;:&quot;yes&quot;,&quot;autoplay_speed&quot;:5000,&quot;infinite&quot;:&quot;yes&quot;,&quot;speed&quot;:500}\" data-widget_type=\"image-carousel.default\">\n\t\t\t\t<div class=\"elementor-widget-container\">\n\t\t\t\t\t\t\t<div class=\"elementor-image-carousel-wrapper swiper\" role=\"region\" aria-roledescription=\"carousel\" aria-label=\"Bild Karussell\" dir=\"ltr\">\n\t\t\t<div class=\"elementor-image-carousel swiper-wrapper\" aria-live=\"off\">\n\t\t\t\t\t\t\t\t<div class=\"swiper-slide\" role=\"group\" aria-roledescription=\"slide\" aria-label=\"1 von 6\"><figure class=\"swiper-slide-inner\"><img decoding=\"async\" class=\"swiper-slide-image\" src=\"https:\/\/mfc08.de\/wp-content\/uploads\/elementor\/thumbs\/unsereTePl-oqd466d6h3uigg1266j61yk73qhlx6blya7o73zncw.jpg\" alt=\"Die Tennisanlage\" \/><figcaption class=\"elementor-image-carousel-caption\">Die Tennisanlage<\/figcaption><\/figure><\/div><div class=\"swiper-slide\" role=\"group\" aria-roledescription=\"slide\" aria-label=\"2 von 6\"><figure class=\"swiper-slide-inner\"><img decoding=\"async\" class=\"swiper-slide-image\" src=\"https:\/\/mfc08.de\/wp-content\/uploads\/elementor\/thumbs\/51eb8dd109-ontb2k5fcu8ueoddxcwfrk7ilrlciylyw2279c6o74.jpg\" alt=\"Das Hauptspielfed mit Blick auf das Umkleidegeb\u00e4ude\" \/><figcaption class=\"elementor-image-carousel-caption\">Das Hauptspielfed mit Blick auf das Umkleidegeb\u00e4ude<\/figcaption><\/figure><\/div><div class=\"swiper-slide\" role=\"group\" aria-roledescription=\"slide\" aria-label=\"3 von 6\"><figure class=\"swiper-slide-inner\"><img decoding=\"async\" class=\"swiper-slide-image\" src=\"https:\/\/mfc08.de\/wp-content\/uploads\/elementor\/thumbs\/332298a841-ontb2i9qz669rgg48c36mkolezum3kei7sr8as9gjk.jpg\" alt=\"Das Hauptspielfeld\" \/><figcaption class=\"elementor-image-carousel-caption\">Das Hauptspielfeld<\/figcaption><\/figure><\/div><div class=\"swiper-slide\" role=\"group\" aria-roledescription=\"slide\" aria-label=\"4 von 6\"><figure class=\"swiper-slide-inner\"><img decoding=\"async\" class=\"swiper-slide-image\" src=\"https:\/\/mfc08.de\/wp-content\/uploads\/elementor\/thumbs\/e8c4db6bb5-ontb2j7l607k32er2uht72g20dpzb9i8jxeps282dc.jpg\" alt=\"Sonne \u00fcber dem Kunstrasen\" \/><figcaption class=\"elementor-image-carousel-caption\">Sonne \u00fcber dem Kunstrasen<\/figcaption><\/figure><\/div><div class=\"swiper-slide\" role=\"group\" aria-roledescription=\"slide\" aria-label=\"5 von 6\"><figure class=\"swiper-slide-inner\"><img decoding=\"async\" class=\"swiper-slide-image\" src=\"https:\/\/mfc08.de\/wp-content\/uploads\/elementor\/thumbs\/ff19118f55-ontb2hbwsc4zfuhhdtok22x4tlz8vvarvo3qtiaups.jpg\" alt=\"Das Tennis-Geb\u00e4ude\" \/><figcaption class=\"elementor-image-carousel-caption\">Das Tennis-Geb\u00e4ude<\/figcaption><\/figure><\/div><div class=\"swiper-slide\" role=\"group\" aria-roledescription=\"slide\" aria-label=\"6 von 6\"><figure class=\"swiper-slide-inner\"><img decoding=\"async\" class=\"swiper-slide-image\" src=\"https:\/\/mfc08.de\/wp-content\/uploads\/elementor\/thumbs\/32968becaa-ontb2hbwsc4zfuhhdtok22x4tlz8vvarvo3qtiaups.jpg\" alt=\"Das Vereinslokal\" \/><figcaption class=\"elementor-image-carousel-caption\">Das Vereinslokal<\/figcaption><\/figure><\/div>\t\t\t<\/div>\n\t\t\t\t\t\t\t\t\t\t\t\t<div class=\"elementor-swiper-button elementor-swiper-button-prev\" role=\"button\" tabindex=\"0\">\n\t\t\t\t\t\t<i aria-hidden=\"true\" class=\"eicon-chevron-left\"><\/i>\t\t\t\t\t<\/div>\n\t\t\t\t\t<div class=\"elementor-swiper-button elementor-swiper-button-next\" role=\"button\" tabindex=\"0\">\n\t\t\t\t\t\t<i aria-hidden=\"true\" class=\"eicon-chevron-right\"><\/i>\t\t\t\t\t<\/div>\n\t\t\t\t\n\t\t\t\t\t\t\t\t\t<div class=\"swiper-pagination\"><\/div>\n\t\t\t\t\t\t\t\t\t<\/div>\n\t\t\t\t\t\t<\/div>\n\t\t\t\t<\/div>\n\t\t\t\t\t<\/div>\n\t\t<\/div>\n\t\t\t\t\t<\/div>\n\t\t<\/section>\n\t\t\t\t<\/div>\n\t\t","protected":false},"excerpt":{"rendered":"<p>Die Tennisanlage Das Hauptspielfed mit Blick auf das Umkleidegeb\u00e4ude Das Hauptspielfeld Sonne \u00fcber dem Kunstrasen Das Tennis-Geb\u00e4ude Das Vereinslokal Zur\u00fcck Weiter<\/p>\n","protected":false},"author":1,"featured_media":0,"parent":349,"menu_order":0,"comment_status":"closed","ping_status":"closed","template":"","meta":{"neve_meta_sidebar":"full-width","neve_meta_container":"","neve_meta_enable_content_width":"off","neve_meta_content_width":100,"neve_meta_title_alignment":"center","neve_meta_author_avatar":"","neve_post_elements_order":"","neve_meta_disable_header":"","neve_meta_disable_footer":"","neve_meta_disable_title":"","_themeisle_gutenberg_block_has_review":false,"footnotes":""},"class_list":["post-380","page","type-page","status-publish","hentry"],"_links":{"self":[{"href":"https:\/\/mfc08.de\/index.php?rest_route=\/wp\/v2\/pages\/380","targetHints":{"allow":["GET"]}}],"collection":[{"href":"https:\/\/mfc08.de\/index.php?rest_route=\/wp\/v2\/pages"}],"about":[{"href":"https:\/\/mfc08.de\/index.php?rest_route=\/wp\/v2\/types\/page"}],"author":[{"embeddable":true,"href":"https:\/\/mfc08.de\/index.php?rest_route=\/wp\/v2\/users\/1"}],"replies":[{"embeddable":true,"href":"https:\/\/mfc08.de\/index.php?rest_route=%2Fwp%2Fv2%2Fcomments&post=380"}],"version-history":[{"count":56,"href":"https:\/\/mfc08.de\/index.php?rest_route=\/wp\/v2\/pages\/380\/revisions"}],"predecessor-version":[{"id":2439,"href":"https:\/\/mfc08.de\/index.php?rest_route=\/wp\/v2\/pages\/380\/revisions\/2439"}],"up":[{"embeddable":true,"href":"https:\/\/mfc08.de\/index.php?rest_route=\/wp\/v2\/pages\/349"}],"wp:attachment":[{"href":"https:\/\/mfc08.de\/index.php?rest_route=%2Fwp%2Fv2%2Fmedia&parent=380"}],"curies":[{"name":"wp","href":"https:\/\/api.w.org\/{rel}","templated":true}]}}