{"id":4281,"date":"2021-12-28T10:47:19","date_gmt":"2021-12-28T10:47:19","guid":{"rendered":"https:\/\/mfc08.de\/?page_id=4281"},"modified":"2026-03-25T14:57:41","modified_gmt":"2026-03-25T14:57:41","slug":"roundnet","status":"publish","type":"page","link":"https:\/\/mfc08.de\/?page_id=4281","title":{"rendered":"Abteilung Roundnet"},"content":{"rendered":"\t\t<div data-elementor-type=\"wp-page\" data-elementor-id=\"4281\" class=\"elementor elementor-4281\">\n\t\t\t\t\t\t<section class=\"elementor-section elementor-top-section elementor-element elementor-element-f883c6c elementor-section-boxed elementor-section-height-default elementor-section-height-default\" data-id=\"f883c6c\" data-element_type=\"section\" data-e-type=\"section\">\n\t\t\t\t\t\t<div class=\"elementor-container elementor-column-gap-default\">\n\t\t\t\t\t<div class=\"elementor-column elementor-col-50 elementor-top-column elementor-element elementor-element-11551c1\" data-id=\"11551c1\" data-element_type=\"column\" data-e-type=\"column\">\n\t\t\t<div class=\"elementor-widget-wrap elementor-element-populated\">\n\t\t\t\t\t\t<div class=\"elementor-element elementor-element-e6778ff elementor-arrows-position-inside elementor-pagination-position-outside elementor-widget elementor-widget-image-carousel\" data-id=\"e6778ff\" data-element_type=\"widget\" data-e-type=\"widget\" data-settings=\"{&quot;slides_to_show&quot;:&quot;1&quot;,&quot;navigation&quot;:&quot;both&quot;,&quot;autoplay&quot;:&quot;yes&quot;,&quot;pause_on_hover&quot;:&quot;yes&quot;,&quot;pause_on_interaction&quot;:&quot;yes&quot;,&quot;autoplay_speed&quot;:5000,&quot;infinite&quot;:&quot;yes&quot;,&quot;effect&quot;:&quot;slide&quot;,&quot;speed&quot;:500}\" data-widget_type=\"image-carousel.default\">\n\t\t\t\t<div class=\"elementor-widget-container\">\n\t\t\t\t\t\t\t<div class=\"elementor-image-carousel-wrapper swiper\" role=\"region\" aria-roledescription=\"carousel\" aria-label=\"Bild Karussell\" dir=\"ltr\">\n\t\t\t<div class=\"elementor-image-carousel swiper-wrapper\" aria-live=\"off\">\n\t\t\t\t\t\t\t\t<div class=\"swiper-slide\" role=\"group\" aria-roledescription=\"slide\" aria-label=\"1 von 6\"><figure class=\"swiper-slide-inner\"><img decoding=\"async\" class=\"swiper-slide-image\" src=\"https:\/\/mfc08.de\/wp-content\/uploads\/2025\/08\/A5A73200-45B6-4216-B2D7-D176FEB5E1B9-768x576.jpg\" alt=\"Gl\u00fcckliche Mosquitos mit neuen Trikots\" \/><figcaption class=\"elementor-image-carousel-caption\">Gl\u00fcckliche Mosquitos mit neuen Trikots<\/figcaption><\/figure><\/div><div class=\"swiper-slide\" role=\"group\" aria-roledescription=\"slide\" aria-label=\"2 von 6\"><figure class=\"swiper-slide-inner\"><img decoding=\"async\" class=\"swiper-slide-image\" src=\"https:\/\/mfc08.de\/wp-content\/uploads\/2025\/06\/photo_2025-06-26_15-22-04-e1756452338384-768x576.jpg\" alt=\"Hella und Lena holen sich Pro\" \/><figcaption class=\"elementor-image-carousel-caption\">Hella und Lena holen sich Pro<\/figcaption><\/figure><\/div><div class=\"swiper-slide\" role=\"group\" aria-roledescription=\"slide\" aria-label=\"3 von 6\"><figure class=\"swiper-slide-inner\"><img decoding=\"async\" class=\"swiper-slide-image\" src=\"https:\/\/mfc08.de\/wp-content\/uploads\/2025\/03\/2Liga_Finalspieltag_vorab094_klein-e1756452352373.jpg\" alt=\"Wir sind in die erste Liga aufgestiegen! (Credits: Raphael Bogen \/ Roundnet Germany)\" \/><figcaption class=\"elementor-image-carousel-caption\">Wir sind in die erste Liga aufgestiegen! (Credits: Raphael Bogen \/ Roundnet Germany)<\/figcaption><\/figure><\/div><div class=\"swiper-slide\" role=\"group\" aria-roledescription=\"slide\" aria-label=\"4 von 6\"><figure class=\"swiper-slide-inner\"><img decoding=\"async\" class=\"swiper-slide-image\" src=\"https:\/\/mfc08.de\/wp-content\/uploads\/2025\/06\/photo_2025-06-26_15-18-47-e1756452365713-768x576.jpg\" alt=\"Lena und Pierre in Paris\" \/><figcaption class=\"elementor-image-carousel-caption\">Lena und Pierre in Paris<\/figcaption><\/figure><\/div><div class=\"swiper-slide\" role=\"group\" aria-roledescription=\"slide\" aria-label=\"5 von 6\"><figure class=\"swiper-slide-inner\"><img decoding=\"async\" class=\"swiper-slide-image\" src=\"https:\/\/mfc08.de\/wp-content\/uploads\/2023\/04\/HDReadyCup-NicoStolz-549_klein-e1756452434352-768x576.jpg\" alt=\"Spektakul\u00e4re Aktionen\" \/><figcaption class=\"elementor-image-carousel-caption\">Spektakul\u00e4re Aktionen<\/figcaption><\/figure><\/div><div class=\"swiper-slide\" role=\"group\" aria-roledescription=\"slide\" aria-label=\"6 von 6\"><figure class=\"swiper-slide-inner\"><img decoding=\"async\" class=\"swiper-slide-image\" src=\"https:\/\/mfc08.de\/wp-content\/uploads\/2023\/04\/IMG-20220710-WA0044-768x432.jpg\" alt=\"Unser Team beim allerersten Mannheimer Quadrate Cup\" \/><figcaption class=\"elementor-image-carousel-caption\">Unser Team beim allerersten Mannheimer Quadrate Cup<\/figcaption><\/figure><\/div>\t\t\t<\/div>\n\t\t\t\t\t\t\t\t\t\t\t\t<div class=\"elementor-swiper-button elementor-swiper-button-prev\" role=\"button\" tabindex=\"0\">\n\t\t\t\t\t\t<i aria-hidden=\"true\" class=\"eicon-chevron-left\"><\/i>\t\t\t\t\t<\/div>\n\t\t\t\t\t<div class=\"elementor-swiper-button elementor-swiper-button-next\" role=\"button\" tabindex=\"0\">\n\t\t\t\t\t\t<i aria-hidden=\"true\" class=\"eicon-chevron-right\"><\/i>\t\t\t\t\t<\/div>\n\t\t\t\t\n\t\t\t\t\t\t\t\t\t<div class=\"swiper-pagination\"><\/div>\n\t\t\t\t\t\t\t\t\t<\/div>\n\t\t\t\t\t\t<\/div>\n\t\t\t\t<\/div>\n\t\t\t\t\t<\/div>\n\t\t<\/div>\n\t\t\t\t<div class=\"elementor-column elementor-col-50 elementor-top-column elementor-element elementor-element-d308d25\" data-id=\"d308d25\" data-element_type=\"column\" data-e-type=\"column\">\n\t\t\t<div class=\"elementor-widget-wrap elementor-element-populated\">\n\t\t\t\t\t\t<div class=\"elementor-element elementor-element-9f6c9e3 elementor-widget elementor-widget-text-editor\" data-id=\"9f6c9e3\" data-element_type=\"widget\" data-e-type=\"widget\" data-widget_type=\"text-editor.default\">\n\t\t\t\t<div class=\"elementor-widget-container\">\n\t\t\t\t\t\t\t\t\t<h4><b>Roundnet &#8211; die neue Sportart beim MFC 08 Lindenhof<\/b><\/h4>\n<p>Wer bei gutem Wetter durch Mannheims Gr\u00fcnanlagen streift, dem ist der Sport bestimmt schon begegnet: Vier Spieler:innen bewegen sich um das auf dem Boden aufgestellte, trampolinartige Netz und schlagen abwechselnd einen Ball darauf. Roundnet, oder auch Spikeball, wie der popul\u00e4re Sport aus den USA dem gr\u00f6\u00dften Hersteller nach auch genannt wird, ist nun auch offiziell in Mannheim angekommen.<\/p>\t\t\t\t\t\t\t\t<\/div>\n\t\t\t\t<\/div>\n\t\t\t\t\t<\/div>\n\t\t<\/div>\n\t\t\t\t\t<\/div>\n\t\t<\/section>\n\t\t\t\t<section class=\"elementor-section elementor-top-section elementor-element elementor-element-0d930d0 elementor-section-boxed elementor-section-height-default elementor-section-height-default\" data-id=\"0d930d0\" data-element_type=\"section\" data-e-type=\"section\">\n\t\t\t\t\t\t<div class=\"elementor-container elementor-column-gap-default\">\n\t\t\t\t\t<div class=\"elementor-column elementor-col-100 elementor-top-column elementor-element elementor-element-5eda6c7\" data-id=\"5eda6c7\" data-element_type=\"column\" data-e-type=\"column\">\n\t\t\t<div class=\"elementor-widget-wrap elementor-element-populated\">\n\t\t\t\t\t\t<div class=\"elementor-element elementor-element-9634890 elementor-widget elementor-widget-text-editor\" data-id=\"9634890\" data-element_type=\"widget\" data-e-type=\"widget\" data-widget_type=\"text-editor.default\">\n\t\t\t\t<div class=\"elementor-widget-container\">\n\t\t\t\t\t\t\t\t\t<br><br>\t\t\t\t\t\t\t\t<\/div>\n\t\t\t\t<\/div>\n\t\t\t\t\t<\/div>\n\t\t<\/div>\n\t\t\t\t\t<\/div>\n\t\t<\/section>\n\t\t\t\t<section class=\"elementor-section elementor-top-section elementor-element elementor-element-6101e61 elementor-section-boxed elementor-section-height-default elementor-section-height-default\" data-id=\"6101e61\" data-element_type=\"section\" data-e-type=\"section\">\n\t\t\t\t\t\t<div class=\"elementor-container elementor-column-gap-default\">\n\t\t\t\t\t<div class=\"elementor-column elementor-col-66 elementor-top-column elementor-element elementor-element-aa2e82c\" data-id=\"aa2e82c\" data-element_type=\"column\" data-e-type=\"column\">\n\t\t\t<div class=\"elementor-widget-wrap elementor-element-populated\">\n\t\t\t\t\t\t<div class=\"elementor-element elementor-element-f001a6b elementor-widget elementor-widget-text-editor\" data-id=\"f001a6b\" data-element_type=\"widget\" data-e-type=\"widget\" data-widget_type=\"text-editor.default\">\n\t\t\t\t<div class=\"elementor-widget-container\">\n\t\t\t\t\t\t\t\t\t<div>\n<h4><b>Roundnet &#8211; was ist das?<\/b><\/h4>\n<\/div>\n<p>Roundnet ist ein Aufschlagspiel, vom Prinzip her \u00e4hnlich wie Beach-Volleyball. Es wird 2 gegen 2 gespielt, der Ball muss aufs Netz geschlagen werden, dann hat das andere Team 3 Kontakte, um den Ball wiederum aufs Netz zu bringen. Dabei wird ohne Spielfeld- oder Seitenbegrenzung gespielt, die Spieler:innen k\u00f6nnen sich in den kompletten 360\u00b0 um das Netz bewegen.<span style=\"font-size: 12.0pt;\"><b><br><\/b><\/span><\/p>\n<h4><span style=\"font-size: 12.0pt;\"><b>Du hast Interesse?<\/b><\/span><span style=\"font-size: 12.0pt;\"><\/span><\/h4>\n<p><span style=\"font-size: 12.0pt;\">Melde dich doch gerne <a href=\"mailto:roundnetmannheim@gmail.com\" target=\"_blank\">\u00fcber E-Mail<\/a> oder <a href=\"https:\/\/www.instagram.com\/roundnet_mannheim\/\" target=\"_blank\">Instagram @roundnet_mannheim<\/a>, dann informieren wir dich \u00fcber die aktuellen Trainingszeiten und die allgemeine Trainingssituation. Aufgrund der Corona-Bestimmungen ist eine Anmeldung zum Training unbedingt erforderlich.<\/span><br><span style=\"font-size: 12.0pt;\"><\/span>\n<\/p>\t\t\t\t\t\t\t\t<\/div>\n\t\t\t\t<\/div>\n\t\t\t\t\t<\/div>\n\t\t<\/div>\n\t\t\t\t<div class=\"elementor-column elementor-col-33 elementor-top-column elementor-element elementor-element-5a87a8e\" data-id=\"5a87a8e\" data-element_type=\"column\" data-e-type=\"column\">\n\t\t\t<div class=\"elementor-widget-wrap elementor-element-populated\">\n\t\t\t\t\t\t<div class=\"elementor-element elementor-element-a9f0a7f elementor-widget elementor-widget-video\" data-id=\"a9f0a7f\" data-element_type=\"widget\" data-e-type=\"widget\" data-settings=\"{&quot;youtube_url&quot;:&quot;https:\\\/\\\/www.youtube.com\\\/watch?v=T3vLN-KHUlQ&quot;,&quot;video_type&quot;:&quot;youtube&quot;,&quot;controls&quot;:&quot;yes&quot;}\" data-widget_type=\"video.default\">\n\t\t\t\t<div class=\"elementor-widget-container\">\n\t\t\t\t\t\t\t<div class=\"elementor-wrapper elementor-open-inline\">\n\t\t\t<div class=\"elementor-video\"><\/div>\t\t<\/div>\n\t\t\t\t\t\t<\/div>\n\t\t\t\t<\/div>\n\t\t\t\t\t<\/div>\n\t\t<\/div>\n\t\t\t\t\t<\/div>\n\t\t<\/section>\n\t\t\t\t<section class=\"elementor-section elementor-top-section elementor-element elementor-element-eed4eea elementor-section-boxed elementor-section-height-default elementor-section-height-default\" data-id=\"eed4eea\" data-element_type=\"section\" data-e-type=\"section\">\n\t\t\t\t\t\t<div class=\"elementor-container elementor-column-gap-default\">\n\t\t\t\t\t<div class=\"elementor-column elementor-col-100 elementor-top-column elementor-element elementor-element-ad0a4b0\" data-id=\"ad0a4b0\" data-element_type=\"column\" data-e-type=\"column\">\n\t\t\t<div class=\"elementor-widget-wrap elementor-element-populated\">\n\t\t\t\t\t\t<div class=\"elementor-element elementor-element-aa3b76c elementor-widget__width-initial elementor-widget elementor-widget-image\" data-id=\"aa3b76c\" data-element_type=\"widget\" data-e-type=\"widget\" data-widget_type=\"image.default\">\n\t\t\t\t<div class=\"elementor-widget-container\">\n\t\t\t\t\t\t\t\t\t\t\t\t\t\t\t<img fetchpriority=\"high\" decoding=\"async\" width=\"1024\" height=\"667\" src=\"https:\/\/mfc08.de\/wp-content\/uploads\/2023\/04\/WhatsApp-Image-2023-03-02-at-21.51.13-e1681375081668-1024x667.jpeg\" class=\"attachment-large size-large wp-image-6479\" alt=\"\" srcset=\"https:\/\/mfc08.de\/wp-content\/uploads\/2023\/04\/WhatsApp-Image-2023-03-02-at-21.51.13-e1681375081668-1024x667.jpeg 1024w, https:\/\/mfc08.de\/wp-content\/uploads\/2023\/04\/WhatsApp-Image-2023-03-02-at-21.51.13-e1681375081668-300x195.jpeg 300w, https:\/\/mfc08.de\/wp-content\/uploads\/2023\/04\/WhatsApp-Image-2023-03-02-at-21.51.13-e1681375081668-768x500.jpeg 768w, https:\/\/mfc08.de\/wp-content\/uploads\/2023\/04\/WhatsApp-Image-2023-03-02-at-21.51.13-e1681375081668.jpeg 1525w\" sizes=\"(max-width: 1024px) 100vw, 1024px\" \/>\t\t\t\t\t\t\t\t\t\t\t\t\t\t\t<\/div>\n\t\t\t\t<\/div>\n\t\t\t\t\t<\/div>\n\t\t<\/div>\n\t\t\t\t\t<\/div>\n\t\t<\/section>\n\t\t\t\t<section class=\"elementor-section elementor-top-section elementor-element elementor-element-9b4b6a7 elementor-section-boxed elementor-section-height-default elementor-section-height-default\" data-id=\"9b4b6a7\" data-element_type=\"section\" data-e-type=\"section\">\n\t\t\t\t\t\t<div class=\"elementor-container elementor-column-gap-default\">\n\t\t\t\t\t<div class=\"elementor-column elementor-col-100 elementor-top-column elementor-element elementor-element-27e10c5\" data-id=\"27e10c5\" data-element_type=\"column\" data-e-type=\"column\">\n\t\t\t<div class=\"elementor-widget-wrap elementor-element-populated\">\n\t\t\t\t\t\t<div class=\"elementor-element elementor-element-ac28db4 elementor-widget elementor-widget-text-editor\" data-id=\"ac28db4\" data-element_type=\"widget\" data-e-type=\"widget\" data-widget_type=\"text-editor.default\">\n\t\t\t\t<div class=\"elementor-widget-container\">\n\t\t\t\t\t\t\t\t\t<br><br>\t\t\t\t\t\t\t\t<\/div>\n\t\t\t\t<\/div>\n\t\t\t\t\t<\/div>\n\t\t<\/div>\n\t\t\t\t\t<\/div>\n\t\t<\/section>\n\t\t\t\t<section class=\"elementor-section elementor-top-section elementor-element elementor-element-4da6aeb elementor-section-boxed elementor-section-height-default elementor-section-height-default\" data-id=\"4da6aeb\" data-element_type=\"section\" data-e-type=\"section\">\n\t\t\t\t\t\t<div class=\"elementor-container elementor-column-gap-default\">\n\t\t\t\t\t<div class=\"elementor-column elementor-col-33 elementor-top-column elementor-element elementor-element-26a6715\" data-id=\"26a6715\" data-element_type=\"column\" data-e-type=\"column\">\n\t\t\t<div class=\"elementor-widget-wrap elementor-element-populated\">\n\t\t\t\t\t\t<div class=\"elementor-element elementor-element-4da3733 elementor-widget elementor-widget-image\" data-id=\"4da3733\" data-element_type=\"widget\" data-e-type=\"widget\" data-widget_type=\"image.default\">\n\t\t\t\t<div class=\"elementor-widget-container\">\n\t\t\t\t\t\t\t\t\t\t\t\t\t\t\t<img decoding=\"async\" width=\"1024\" height=\"1024\" src=\"https:\/\/mfc08.de\/wp-content\/uploads\/2021\/12\/Roundnet-1024x1024.png\" class=\"attachment-large size-large wp-image-4283\" alt=\"\" srcset=\"https:\/\/mfc08.de\/wp-content\/uploads\/2021\/12\/Roundnet-1024x1024.png 1024w, https:\/\/mfc08.de\/wp-content\/uploads\/2021\/12\/Roundnet-300x300.png 300w, https:\/\/mfc08.de\/wp-content\/uploads\/2021\/12\/Roundnet-150x150.png 150w, https:\/\/mfc08.de\/wp-content\/uploads\/2021\/12\/Roundnet-768x768.png 768w, https:\/\/mfc08.de\/wp-content\/uploads\/2021\/12\/Roundnet-1536x1536.png 1536w, https:\/\/mfc08.de\/wp-content\/uploads\/2021\/12\/Roundnet-2048x2048.png 2048w\" sizes=\"(max-width: 1024px) 100vw, 1024px\" \/>\t\t\t\t\t\t\t\t\t\t\t\t\t\t\t<\/div>\n\t\t\t\t<\/div>\n\t\t\t\t\t<\/div>\n\t\t<\/div>\n\t\t\t\t<div class=\"elementor-column elementor-col-33 elementor-top-column elementor-element elementor-element-37f2da6\" data-id=\"37f2da6\" data-element_type=\"column\" data-e-type=\"column\">\n\t\t\t<div class=\"elementor-widget-wrap\">\n\t\t\t\t\t\t\t<\/div>\n\t\t<\/div>\n\t\t\t\t<div class=\"elementor-column elementor-col-33 elementor-top-column elementor-element elementor-element-64d64ff\" data-id=\"64d64ff\" data-element_type=\"column\" data-e-type=\"column\">\n\t\t\t<div class=\"elementor-widget-wrap elementor-element-populated\">\n\t\t\t\t\t\t<div class=\"elementor-element elementor-element-dd1a47e elementor-widget elementor-widget-text-editor\" data-id=\"dd1a47e\" data-element_type=\"widget\" data-e-type=\"widget\" data-widget_type=\"text-editor.default\">\n\t\t\t\t<div class=\"elementor-widget-container\">\n\t\t\t\t\t\t\t\t\t<h4><b>Roundnet beim MFC 08 Lindenhof<\/b><\/h4><p>Seit Dezember 2021 ist der MFC 08 Lindenhof der erste Verein in Mannheim, der Roundnet-Spieler:innen die M\u00f6glichkeit zu regelm\u00e4\u00dfigem Spielen und Trainieren anbietet. Ausgehend aus einer Initiative von engagierten Spieler:innen wurde die Abteilung Roundnet beim MFC 08 gegr\u00fcndet.<\/p><p>Vergangene Aktionen wie Community Abende oder interne Turniere auf den \u00f6ffentlichen Anlagen des Unteren Luisenparks oder des 48er Sportplatzes zeigten den ganzen Sommer hindurch das gro\u00dfe Interesse der Mannheimer an der jungen Sportart.<\/p><p>Mit der Abteilungsgr\u00fcndung k\u00f6nnen in Zukunft Aktionen wie Anf\u00e4nger- und Profi-Turniere von den Vereinsstrukturen und -anlagen profitieren, w\u00e4hrend das Mannheimer Vereinsleben um eine Sportart und viele motivierte Spieler:innen und Ehrenamtliche reicher geworden ist.<\/p>\t\t\t\t\t\t\t\t<\/div>\n\t\t\t\t<\/div>\n\t\t\t\t\t<\/div>\n\t\t<\/div>\n\t\t\t\t\t<\/div>\n\t\t<\/section>\n\t\t\t\t<section class=\"elementor-section elementor-top-section elementor-element elementor-element-99dfdde elementor-section-boxed elementor-section-height-default elementor-section-height-default\" data-id=\"99dfdde\" data-element_type=\"section\" data-e-type=\"section\">\n\t\t\t\t\t\t<div class=\"elementor-container elementor-column-gap-default\">\n\t\t\t\t\t<div class=\"elementor-column elementor-col-100 elementor-top-column elementor-element elementor-element-9363f27\" data-id=\"9363f27\" data-element_type=\"column\" data-e-type=\"column\">\n\t\t\t<div class=\"elementor-widget-wrap elementor-element-populated\">\n\t\t\t\t\t\t<div class=\"elementor-element elementor-element-b2cca00 elementor-widget elementor-widget-text-editor\" data-id=\"b2cca00\" data-element_type=\"widget\" data-e-type=\"widget\" data-widget_type=\"text-editor.default\">\n\t\t\t\t<div class=\"elementor-widget-container\">\n\t\t\t\t\t\t\t\t\t<br><br>\t\t\t\t\t\t\t\t<\/div>\n\t\t\t\t<\/div>\n\t\t\t\t\t<\/div>\n\t\t<\/div>\n\t\t\t\t\t<\/div>\n\t\t<\/section>\n\t\t\t\t<section class=\"elementor-section elementor-top-section elementor-element elementor-element-ee6763e elementor-section-boxed elementor-section-height-default elementor-section-height-default\" data-id=\"ee6763e\" data-element_type=\"section\" data-e-type=\"section\">\n\t\t\t\t\t\t<div class=\"elementor-container elementor-column-gap-default\">\n\t\t\t\t\t<div class=\"elementor-column elementor-col-100 elementor-top-column elementor-element elementor-element-3e131a8\" data-id=\"3e131a8\" data-element_type=\"column\" data-e-type=\"column\">\n\t\t\t<div class=\"elementor-widget-wrap elementor-element-populated\">\n\t\t\t\t\t\t<div class=\"elementor-element elementor-element-95bfea2 elementor-widget elementor-widget-image\" data-id=\"95bfea2\" data-element_type=\"widget\" data-e-type=\"widget\" data-widget_type=\"image.default\">\n\t\t\t\t<div class=\"elementor-widget-container\">\n\t\t\t\t\t\t\t\t\t\t\t\t<figure class=\"wp-caption\">\n\t\t\t\t\t\t\t\t\t\t<img decoding=\"async\" src=\"https:\/\/mfc08.de\/wp-content\/uploads\/elementor\/thumbs\/WhatsApp-Image-2026-03-19-at-10.56.06-e1774449540229-rl16lh46ika95fktq4snzzggimk2zyctvm2ny4uqv8.jpeg\" title=\"WhatsApp Image 2026-03-19 at 10.56.06\" alt=\"WhatsApp Image 2026-03-19 at 10.56.06\" loading=\"lazy\" \/>\t\t\t\t\t\t\t\t\t\t\t<figcaption class=\"widget-image-caption wp-caption-text\"><\/figcaption>\n\t\t\t\t\t\t\t\t\t\t<\/figure>\n\t\t\t\t\t\t\t\t\t<\/div>\n\t\t\t\t<\/div>\n\t\t\t\t\t<\/div>\n\t\t<\/div>\n\t\t\t\t\t<\/div>\n\t\t<\/section>\n\t\t\t\t<section class=\"elementor-section elementor-top-section elementor-element elementor-element-ef76cb5 elementor-section-boxed elementor-section-height-default elementor-section-height-default\" data-id=\"ef76cb5\" data-element_type=\"section\" data-e-type=\"section\">\n\t\t\t\t\t\t<div class=\"elementor-container elementor-column-gap-default\">\n\t\t\t\t\t<div class=\"elementor-column elementor-col-100 elementor-top-column elementor-element elementor-element-5a07e84\" data-id=\"5a07e84\" data-element_type=\"column\" data-e-type=\"column\">\n\t\t\t<div class=\"elementor-widget-wrap elementor-element-populated\">\n\t\t\t\t\t\t<div class=\"elementor-element elementor-element-92f5a42 elementor-widget elementor-widget-text-editor\" data-id=\"92f5a42\" data-element_type=\"widget\" data-e-type=\"widget\" data-widget_type=\"text-editor.default\">\n\t\t\t\t<div class=\"elementor-widget-container\">\n\t\t\t\t\t\t\t\t\t<h4>Das<b> Orga-Team<\/b><\/h4>\n<p><strong>Pierre Bechtloff<\/strong> &#8211; Abteilungsleitung, Finanzen<br><strong>Regina Schlereth<\/strong> &#8211; Stellvertretende Abteilungsleitung<b><br>Melina Kraus&nbsp;<\/b>&#8211; Mitgliederverwaltung<br><b>Tim Bauer <\/b>&#8211; Hochschulsport<\/p>\t\t\t\t\t\t\t\t<\/div>\n\t\t\t\t<\/div>\n\t\t\t\t\t<\/div>\n\t\t<\/div>\n\t\t\t\t\t<\/div>\n\t\t<\/section>\n\t\t\t\t<\/div>\n\t\t","protected":false},"excerpt":{"rendered":"<p>Gl\u00fcckliche Mosquitos mit neuen Trikots Hella und Lena holen sich Pro Wir sind in die erste Liga aufgestiegen! (Credits: Raphael Bogen \/ Roundnet Germany) Lena und Pierre in Paris Spektakul\u00e4re Aktionen Unser Team beim allerersten Mannheimer Quadrate Cup Roundnet &#8211; die neue Sportart beim MFC 08 Lindenhof Wer bei gutem Wetter durch Mannheims Gr\u00fcnanlagen streift,&hellip;&nbsp;<a href=\"https:\/\/mfc08.de\/?page_id=4281\" rel=\"bookmark\">Weiterlesen &raquo;<span class=\"screen-reader-text\">Abteilung Roundnet<\/span><\/a><\/p>\n","protected":false},"author":2,"featured_media":0,"parent":16,"menu_order":0,"comment_status":"closed","ping_status":"closed","template":"","meta":{"neve_meta_sidebar":"","neve_meta_container":"default","neve_meta_enable_content_width":"off","neve_meta_content_width":70,"neve_meta_title_alignment":"center","neve_meta_author_avatar":"","neve_post_elements_order":"","neve_meta_disable_header":"","neve_meta_disable_footer":"","neve_meta_disable_title":"","_themeisle_gutenberg_block_has_review":false,"footnotes":""},"class_list":["post-4281","page","type-page","status-publish","hentry"],"_links":{"self":[{"href":"https:\/\/mfc08.de\/index.php?rest_route=\/wp\/v2\/pages\/4281","targetHints":{"allow":["GET"]}}],"collection":[{"href":"https:\/\/mfc08.de\/index.php?rest_route=\/wp\/v2\/pages"}],"about":[{"href":"https:\/\/mfc08.de\/index.php?rest_route=\/wp\/v2\/types\/page"}],"author":[{"embeddable":true,"href":"https:\/\/mfc08.de\/index.php?rest_route=\/wp\/v2\/users\/2"}],"replies":[{"embeddable":true,"href":"https:\/\/mfc08.de\/index.php?rest_route=%2Fwp%2Fv2%2Fcomments&post=4281"}],"version-history":[{"count":67,"href":"https:\/\/mfc08.de\/index.php?rest_route=\/wp\/v2\/pages\/4281\/revisions"}],"predecessor-version":[{"id":10070,"href":"https:\/\/mfc08.de\/index.php?rest_route=\/wp\/v2\/pages\/4281\/revisions\/10070"}],"up":[{"embeddable":true,"href":"https:\/\/mfc08.de\/index.php?rest_route=\/wp\/v2\/pages\/16"}],"wp:attachment":[{"href":"https:\/\/mfc08.de\/index.php?rest_route=%2Fwp%2Fv2%2Fmedia&parent=4281"}],"curies":[{"name":"wp","href":"https:\/\/api.w.org\/{rel}","templated":true}]}}