{"id":4316,"date":"2021-12-28T19:01:07","date_gmt":"2021-12-28T19:01:07","guid":{"rendered":"https:\/\/mfc08.de\/?page_id=4316"},"modified":"2024-08-07T09:10:36","modified_gmt":"2024-08-07T09:10:36","slug":"news-roundnet","status":"publish","type":"page","link":"https:\/\/mfc08.de\/?page_id=4316","title":{"rendered":"News"},"content":{"rendered":"\t\t<div data-elementor-type=\"wp-page\" data-elementor-id=\"4316\" class=\"elementor elementor-4316\">\n\t\t\t\t\t\t<section class=\"elementor-section elementor-top-section elementor-element elementor-element-a8a42a2 elementor-section-boxed elementor-section-height-default elementor-section-height-default\" data-id=\"a8a42a2\" data-element_type=\"section\" data-e-type=\"section\">\n\t\t\t\t\t\t<div class=\"elementor-container elementor-column-gap-default\">\n\t\t\t\t\t<div class=\"elementor-column elementor-col-100 elementor-top-column elementor-element elementor-element-6680ae6\" data-id=\"6680ae6\" data-element_type=\"column\" data-e-type=\"column\">\n\t\t\t<div class=\"elementor-widget-wrap\">\n\t\t\t\t\t\t\t<\/div>\n\t\t<\/div>\n\t\t\t\t\t<\/div>\n\t\t<\/section>\n\t\t\t\t<section class=\"elementor-section elementor-top-section elementor-element elementor-element-cd7cd00 elementor-section-boxed elementor-section-height-default elementor-section-height-default\" data-id=\"cd7cd00\" data-element_type=\"section\" data-e-type=\"section\">\n\t\t\t\t\t\t<div class=\"elementor-container elementor-column-gap-default\">\n\t\t\t\t\t<div class=\"elementor-column elementor-col-100 elementor-top-column elementor-element elementor-element-bd20006\" data-id=\"bd20006\" data-element_type=\"column\" data-e-type=\"column\">\n\t\t\t<div class=\"elementor-widget-wrap elementor-element-populated\">\n\t\t\t\t\t\t<div class=\"elementor-element elementor-element-ef930d3 elementor-grid-eael-col-3 elementor-grid-tablet-eael-col-2 elementor-grid-mobile-eael-col-1 elementor-widget elementor-widget-eael-post-grid\" data-id=\"ef930d3\" data-element_type=\"widget\" data-e-type=\"widget\" data-settings=\"{&quot;eael_post_grid_columns&quot;:&quot;eael-col-3&quot;,&quot;eael_post_grid_columns_tablet&quot;:&quot;eael-col-2&quot;,&quot;eael_post_grid_columns_mobile&quot;:&quot;eael-col-1&quot;}\" data-widget_type=\"eael-post-grid.default\">\n\t\t\t\t<div class=\"elementor-widget-container\">\n\t\t\t\t\t<div id=\"eael-post-grid-ef930d3\" class=\"eael-post-grid-container\">\n            <div class=\"eael-post-grid eael-post-appender eael-post-appender-ef930d3 eael-post-grid-style-one\" data-layout-mode=\"grid\"><article class=\"eael-grid-post  eael-post-grid-column eael-pg-post-9965 category-roundnet\" data-id=\"9965\">\n        <div class=\"eael-grid-post-holder\">\n            <div class=\"eael-grid-post-holder-inner\"><div class=\"eael-entry-media\"><div class=\"eael-entry-overlay fade-in\"><i class=\"fas fa-long-arrow-alt-right\" aria-hidden=\"true\"><\/i><a href=\"https:\/\/mfc08.de\/?p=9965\"><\/a><\/div><div class=\"eael-entry-thumbnail \">\n                <img fetchpriority=\"high\" decoding=\"async\" width=\"905\" height=\"604\" src=\"https:\/\/mfc08.de\/wp-content\/uploads\/2026\/03\/klassenerhalt-1.png\" class=\"attachment-full size-full wp-image-9972\" alt=\"\" srcset=\"https:\/\/mfc08.de\/wp-content\/uploads\/2026\/03\/klassenerhalt-1.png 905w, https:\/\/mfc08.de\/wp-content\/uploads\/2026\/03\/klassenerhalt-1-300x200.png 300w, https:\/\/mfc08.de\/wp-content\/uploads\/2026\/03\/klassenerhalt-1-768x513.png 768w\" sizes=\"(max-width: 905px) 100vw, 905px\" \/>\n            <\/div>\n        <\/div><div class=\"eael-entry-wrapper\"><header class=\"eael-entry-header\"><h2 class=\"eael-entry-title\"><a class=\"eael-grid-post-link\" href=\"https:\/\/mfc08.de\/?p=9965\" title=\"Roundnet: Klassenerhalt geschafft!\">Roundnet: Klassenerhalt geschafft!<\/a><\/h2><\/header><div class=\"eael-entry-content\">\n                        <div class=\"eael-grid-post-excerpt\"><p>Die Mosquitos Mannheim haben ihre erste Saison in der 1. Roundnet-Bundesliga erfolgreich...<\/p><a href=\"https:\/\/mfc08.de\/?p=9965\" class=\"eael-post-elements-readmore-btn\">weiterlesen<\/a><\/div>\n                    <\/div><div class=\"eael-entry-footer\"><div class=\"eael-entry-meta\"><span class=\"eael-posted-on\"><time datetime=\"10. M\u00e4rz 2026\">10. M\u00e4rz 2026<\/time><\/span><\/div><\/div><\/div><\/div>\n        <\/div>\n    <\/article><article class=\"eael-grid-post  eael-post-grid-column eael-pg-post-9846 category-roundnet\" data-id=\"9846\">\n        <div class=\"eael-grid-post-holder\">\n            <div class=\"eael-grid-post-holder-inner\"><div class=\"eael-entry-media\"><div class=\"eael-entry-overlay fade-in\"><i class=\"fas fa-long-arrow-alt-right\" aria-hidden=\"true\"><\/i><a href=\"https:\/\/mfc08.de\/?p=9846\"><\/a><\/div><div class=\"eael-entry-thumbnail \">\n                <img decoding=\"async\" width=\"2048\" height=\"1536\" src=\"https:\/\/mfc08.de\/wp-content\/uploads\/2025\/12\/IMG_6443.jpeg\" class=\"attachment-full size-full wp-image-9847\" alt=\"\" srcset=\"https:\/\/mfc08.de\/wp-content\/uploads\/2025\/12\/IMG_6443.jpeg 2048w, https:\/\/mfc08.de\/wp-content\/uploads\/2025\/12\/IMG_6443-300x225.jpeg 300w, https:\/\/mfc08.de\/wp-content\/uploads\/2025\/12\/IMG_6443-1024x768.jpeg 1024w, https:\/\/mfc08.de\/wp-content\/uploads\/2025\/12\/IMG_6443-768x576.jpeg 768w, https:\/\/mfc08.de\/wp-content\/uploads\/2025\/12\/IMG_6443-1536x1152.jpeg 1536w\" sizes=\"(max-width: 2048px) 100vw, 2048px\" \/>\n            <\/div>\n        <\/div><div class=\"eael-entry-wrapper\"><header class=\"eael-entry-header\"><h2 class=\"eael-entry-title\"><a class=\"eael-grid-post-link\" href=\"https:\/\/mfc08.de\/?p=9846\" title=\"Roundnet: Abteilungs-Weihnachtsfeier\">Roundnet: Abteilungs-Weihnachtsfeier<\/a><\/h2><\/header><div class=\"eael-entry-content\">\n                        <div class=\"eael-grid-post-excerpt\"><p>Am 14. Dezember traf sich die Roundnet-Abteilung zur traditionellen Weihnachtsfeier, dieses Mal...<\/p><a href=\"https:\/\/mfc08.de\/?p=9846\" class=\"eael-post-elements-readmore-btn\">weiterlesen<\/a><\/div>\n                    <\/div><div class=\"eael-entry-footer\"><div class=\"eael-entry-meta\"><span class=\"eael-posted-on\"><time datetime=\"15. Dezember 2025\">15. Dezember 2025<\/time><\/span><\/div><\/div><\/div><\/div>\n        <\/div>\n    <\/article><article class=\"eael-grid-post  eael-post-grid-column eael-pg-post-9834 category-roundnet\" data-id=\"9834\">\n        <div class=\"eael-grid-post-holder\">\n            <div class=\"eael-grid-post-holder-inner\"><div class=\"eael-entry-media\"><div class=\"eael-entry-overlay fade-in\"><i class=\"fas fa-long-arrow-alt-right\" aria-hidden=\"true\"><\/i><a href=\"https:\/\/mfc08.de\/?p=9834\"><\/a><\/div><div class=\"eael-entry-thumbnail \">\n                <img decoding=\"async\" width=\"1008\" height=\"756\" src=\"https:\/\/mfc08.de\/wp-content\/uploads\/2025\/12\/website.png\" class=\"attachment-full size-full wp-image-9838\" alt=\"\" srcset=\"https:\/\/mfc08.de\/wp-content\/uploads\/2025\/12\/website.png 1008w, https:\/\/mfc08.de\/wp-content\/uploads\/2025\/12\/website-300x225.png 300w, https:\/\/mfc08.de\/wp-content\/uploads\/2025\/12\/website-768x576.png 768w\" sizes=\"(max-width: 1008px) 100vw, 1008px\" \/>\n            <\/div>\n        <\/div><div class=\"eael-entry-wrapper\"><header class=\"eael-entry-header\"><h2 class=\"eael-entry-title\"><a class=\"eael-grid-post-link\" href=\"https:\/\/mfc08.de\/?p=9834\" title=\"Roundnet: Mosquitos k\u00e4mpfen sich aus den Abstiegsr\u00e4ngen\">Roundnet: Mosquitos k\u00e4mpfen sich aus den Abstiegsr\u00e4ngen<\/a><\/h2><\/header><div class=\"eael-entry-content\">\n                        <div class=\"eael-grid-post-excerpt\"><p>Die Mosquitos Mannheim schreiben weiter an ihrer noch jungen Erfolgsgeschichte: Erst in...<\/p><a href=\"https:\/\/mfc08.de\/?p=9834\" class=\"eael-post-elements-readmore-btn\">weiterlesen<\/a><\/div>\n                    <\/div><div class=\"eael-entry-footer\"><div class=\"eael-entry-meta\"><span class=\"eael-posted-on\"><time datetime=\"8. Dezember 2025\">8. Dezember 2025<\/time><\/span><\/div><\/div><\/div><\/div>\n        <\/div>\n    <\/article><article class=\"eael-grid-post  eael-post-grid-column eael-pg-post-9815 category-roundnet\" data-id=\"9815\">\n        <div class=\"eael-grid-post-holder\">\n            <div class=\"eael-grid-post-holder-inner\"><div class=\"eael-entry-media\"><div class=\"eael-entry-overlay fade-in\"><i class=\"fas fa-long-arrow-alt-right\" aria-hidden=\"true\"><\/i><a href=\"https:\/\/mfc08.de\/?p=9815\"><\/a><\/div><div class=\"eael-entry-thumbnail \">\n                <img loading=\"lazy\" decoding=\"async\" width=\"2560\" height=\"1280\" src=\"https:\/\/mfc08.de\/wp-content\/uploads\/2025\/11\/announcement-scaled.jpg\" class=\"attachment-full size-full wp-image-9816\" alt=\"\" srcset=\"https:\/\/mfc08.de\/wp-content\/uploads\/2025\/11\/announcement-scaled.jpg 2560w, https:\/\/mfc08.de\/wp-content\/uploads\/2025\/11\/announcement-300x150.jpg 300w, https:\/\/mfc08.de\/wp-content\/uploads\/2025\/11\/announcement-1024x512.jpg 1024w, https:\/\/mfc08.de\/wp-content\/uploads\/2025\/11\/announcement-768x384.jpg 768w, https:\/\/mfc08.de\/wp-content\/uploads\/2025\/11\/announcement-1536x768.jpg 1536w, https:\/\/mfc08.de\/wp-content\/uploads\/2025\/11\/announcement-2048x1024.jpg 2048w\" sizes=\"(max-width: 2560px) 100vw, 2560px\" \/>\n            <\/div>\n        <\/div><div class=\"eael-entry-wrapper\"><header class=\"eael-entry-header\"><h2 class=\"eael-entry-title\"><a class=\"eael-grid-post-link\" href=\"https:\/\/mfc08.de\/?p=9815\" title=\"Roundnet: Deutsche Meisterschaften in Mannheim!\">Roundnet: Deutsche Meisterschaften in Mannheim!<\/a><\/h2><\/header><div class=\"eael-entry-content\">\n                        <div class=\"eael-grid-post-excerpt\"><p>Dieses Datum k\u00f6nnen wir uns f\u00fcr das kommende Jahr schonmal ganz gro\u00df...<\/p><a href=\"https:\/\/mfc08.de\/?p=9815\" class=\"eael-post-elements-readmore-btn\">weiterlesen<\/a><\/div>\n                    <\/div><div class=\"eael-entry-footer\"><div class=\"eael-entry-meta\"><span class=\"eael-posted-on\"><time datetime=\"27. November 2025\">27. November 2025<\/time><\/span><\/div><\/div><\/div><\/div>\n        <\/div>\n    <\/article><article class=\"eael-grid-post  eael-post-grid-column eael-pg-post-9527 category-roundnet\" data-id=\"9527\">\n        <div class=\"eael-grid-post-holder\">\n            <div class=\"eael-grid-post-holder-inner\"><div class=\"eael-entry-media\"><div class=\"eael-entry-overlay fade-in\"><i class=\"fas fa-long-arrow-alt-right\" aria-hidden=\"true\"><\/i><a href=\"https:\/\/mfc08.de\/?p=9527\"><\/a><\/div><div class=\"eael-entry-thumbnail \">\n                <img loading=\"lazy\" decoding=\"async\" width=\"2048\" height=\"1536\" src=\"https:\/\/mfc08.de\/wp-content\/uploads\/2025\/08\/C2DD6A7B-23B5-4E37-896A-E58A6AD560F5-1.jpg\" class=\"attachment-full size-full wp-image-9538\" alt=\"\" srcset=\"https:\/\/mfc08.de\/wp-content\/uploads\/2025\/08\/C2DD6A7B-23B5-4E37-896A-E58A6AD560F5-1.jpg 2048w, https:\/\/mfc08.de\/wp-content\/uploads\/2025\/08\/C2DD6A7B-23B5-4E37-896A-E58A6AD560F5-1-300x225.jpg 300w, https:\/\/mfc08.de\/wp-content\/uploads\/2025\/08\/C2DD6A7B-23B5-4E37-896A-E58A6AD560F5-1-1024x768.jpg 1024w, https:\/\/mfc08.de\/wp-content\/uploads\/2025\/08\/C2DD6A7B-23B5-4E37-896A-E58A6AD560F5-1-768x576.jpg 768w, https:\/\/mfc08.de\/wp-content\/uploads\/2025\/08\/C2DD6A7B-23B5-4E37-896A-E58A6AD560F5-1-1536x1152.jpg 1536w\" sizes=\"(max-width: 2048px) 100vw, 2048px\" \/>\n            <\/div>\n        <\/div><div class=\"eael-entry-wrapper\"><header class=\"eael-entry-header\"><h2 class=\"eael-entry-title\"><a class=\"eael-grid-post-link\" href=\"https:\/\/mfc08.de\/?p=9527\" title=\"Roundnet: Trainingswochenende\">Roundnet: Trainingswochenende<\/a><\/h2><\/header><div class=\"eael-entry-content\">\n                        <div class=\"eael-grid-post-excerpt\"><p>Aller guten Dinge sind 3 Getreu diesem Motto starteten die ersten Mosquitos...<\/p><a href=\"https:\/\/mfc08.de\/?p=9527\" class=\"eael-post-elements-readmore-btn\">weiterlesen<\/a><\/div>\n                    <\/div><div class=\"eael-entry-footer\"><div class=\"eael-entry-meta\"><span class=\"eael-posted-on\"><time datetime=\"29. August 2025\">29. August 2025<\/time><\/span><\/div><\/div><\/div><\/div>\n        <\/div>\n    <\/article><article class=\"eael-grid-post  eael-post-grid-column eael-pg-post-9256 category-roundnet\" data-id=\"9256\">\n        <div class=\"eael-grid-post-holder\">\n            <div class=\"eael-grid-post-holder-inner\"><div class=\"eael-entry-media\"><div class=\"eael-entry-overlay fade-in\"><i class=\"fas fa-long-arrow-alt-right\" aria-hidden=\"true\"><\/i><a href=\"https:\/\/mfc08.de\/?p=9256\"><\/a><\/div><div class=\"eael-entry-thumbnail \">\n                <img loading=\"lazy\" decoding=\"async\" width=\"1280\" height=\"720\" src=\"https:\/\/mfc08.de\/wp-content\/uploads\/2025\/06\/photo_2025-06-26_16-19-05.jpg\" class=\"attachment-full size-full wp-image-9261\" alt=\"\" srcset=\"https:\/\/mfc08.de\/wp-content\/uploads\/2025\/06\/photo_2025-06-26_16-19-05.jpg 1280w, https:\/\/mfc08.de\/wp-content\/uploads\/2025\/06\/photo_2025-06-26_16-19-05-300x169.jpg 300w, https:\/\/mfc08.de\/wp-content\/uploads\/2025\/06\/photo_2025-06-26_16-19-05-1024x576.jpg 1024w, https:\/\/mfc08.de\/wp-content\/uploads\/2025\/06\/photo_2025-06-26_16-19-05-768x432.jpg 768w\" sizes=\"(max-width: 1280px) 100vw, 1280px\" \/>\n            <\/div>\n        <\/div><div class=\"eael-entry-wrapper\"><header class=\"eael-entry-header\"><h2 class=\"eael-entry-title\"><a class=\"eael-grid-post-link\" href=\"https:\/\/mfc08.de\/?p=9256\" title=\"Roundnet: Neue Trainerlizenz\">Roundnet: Neue Trainerlizenz<\/a><\/h2><\/header><div class=\"eael-entry-content\">\n                        <div class=\"eael-grid-post-excerpt\"><p>Roundnet ist dabei, sich als Sportart immer weiter zu professionalisieren. Seit 4...<\/p><a href=\"https:\/\/mfc08.de\/?p=9256\" class=\"eael-post-elements-readmore-btn\">weiterlesen<\/a><\/div>\n                    <\/div><div class=\"eael-entry-footer\"><div class=\"eael-entry-meta\"><span class=\"eael-posted-on\"><time datetime=\"26. Juni 2025\">26. Juni 2025<\/time><\/span><\/div><\/div><\/div><\/div>\n        <\/div>\n    <\/article><\/div>\n            <div class=\"clearfix\"><\/div>\n        <\/div>            <div class=\"eael-load-more-button-wrap eael-force-hide\">\n                <button class=\"eael-load-more-button\" id=\"eael-load-more-btn-ef930d3\" data-widget-id=\"ef930d3\" data-widget=\"ef930d3\" data-page-id=\"4316\" data-template=\"{&quot;dir&quot;:&quot;lite&quot;,&quot;file_name&quot;:&quot;one.php&quot;,&quot;name&quot;:&quot;Post-Grid&quot;}\" data-class=\"Essential_Addons_Elementor\\Elements\\Post_Grid\" data-layout=\"grid\" data-page=\"1\" data-args=\"orderby=date&amp;order=desc&amp;ignore_sticky_posts=1&amp;post_status=publish&amp;posts_per_page=6&amp;offset=0&amp;post_type=post&amp;tax_query%5B0%5D%5Btaxonomy%5D=category&amp;tax_query%5B0%5D%5Bfield%5D=term_id&amp;tax_query%5B0%5D%5Bterms%5D%5B0%5D=17&amp;tax_query%5Brelation%5D=AND\" data-max-page=\"6\">\n                    <span class=\"eael-btn-loader button__loader\"><\/span>\n                    <span class=\"eael_load_more_text\">Load More<\/span>\n                <\/button>\n            <\/div>\n            \t\t\t\t<\/div>\n\t\t\t\t<\/div>\n\t\t\t\t\t<\/div>\n\t\t<\/div>\n\t\t\t\t\t<\/div>\n\t\t<\/section>\n\t\t\t\t<section class=\"elementor-section elementor-top-section elementor-element elementor-element-5bb63af elementor-section-boxed elementor-section-height-default elementor-section-height-default\" data-id=\"5bb63af\" data-element_type=\"section\" data-e-type=\"section\">\n\t\t\t\t\t\t<div class=\"elementor-container elementor-column-gap-default\">\n\t\t\t\t\t<div class=\"elementor-column elementor-col-100 elementor-top-column elementor-element elementor-element-9ceac30\" data-id=\"9ceac30\" data-element_type=\"column\" data-e-type=\"column\">\n\t\t\t<div class=\"elementor-widget-wrap elementor-element-populated\">\n\t\t\t\t\t\t<div class=\"elementor-element elementor-element-8fe66f8 elementor-widget elementor-widget-image-gallery\" data-id=\"8fe66f8\" data-element_type=\"widget\" data-e-type=\"widget\" data-widget_type=\"image-gallery.default\">\n\t\t\t\t<div class=\"elementor-widget-container\">\n\t\t\t\t\t\t\t<div class=\"elementor-image-gallery\">\n\t\t\t<div id='gallery-1' class='gallery galleryid-4316 gallery-columns-3 gallery-size-medium'><figure class='gallery-item'>\n\t\t\t<div class='gallery-icon landscape'>\n\t\t\t\t<img loading=\"lazy\" decoding=\"async\" width=\"300\" height=\"300\" src=\"https:\/\/mfc08.de\/wp-content\/uploads\/2024\/08\/2darmstadt-300x300.png\" class=\"attachment-medium size-medium\" alt=\"\" srcset=\"https:\/\/mfc08.de\/wp-content\/uploads\/2024\/08\/2darmstadt-300x300.png 300w, https:\/\/mfc08.de\/wp-content\/uploads\/2024\/08\/2darmstadt-1024x1024.png 1024w, https:\/\/mfc08.de\/wp-content\/uploads\/2024\/08\/2darmstadt-150x150.png 150w, https:\/\/mfc08.de\/wp-content\/uploads\/2024\/08\/2darmstadt-768x768.png 768w, https:\/\/mfc08.de\/wp-content\/uploads\/2024\/08\/2darmstadt.png 1080w\" sizes=\"(max-width: 300px) 100vw, 300px\" \/>\n\t\t\t<\/div><\/figure><figure class='gallery-item'>\n\t\t\t<div class='gallery-icon landscape'>\n\t\t\t\t<img loading=\"lazy\" decoding=\"async\" width=\"300\" height=\"300\" src=\"https:\/\/mfc08.de\/wp-content\/uploads\/2024\/08\/Update-Posts4-300x300.png\" class=\"attachment-medium size-medium\" alt=\"\" srcset=\"https:\/\/mfc08.de\/wp-content\/uploads\/2024\/08\/Update-Posts4-300x300.png 300w, https:\/\/mfc08.de\/wp-content\/uploads\/2024\/08\/Update-Posts4-150x150.png 150w, https:\/\/mfc08.de\/wp-content\/uploads\/2024\/08\/Update-Posts4-768x768.png 768w, https:\/\/mfc08.de\/wp-content\/uploads\/2024\/08\/Update-Posts4.png 1000w\" sizes=\"(max-width: 300px) 100vw, 300px\" \/>\n\t\t\t<\/div><\/figure><figure class='gallery-item'>\n\t\t\t<div class='gallery-icon landscape'>\n\t\t\t\t<img loading=\"lazy\" decoding=\"async\" width=\"300\" height=\"300\" src=\"https:\/\/mfc08.de\/wp-content\/uploads\/2024\/08\/mastersmunich-300x300.png\" class=\"attachment-medium size-medium\" alt=\"\" srcset=\"https:\/\/mfc08.de\/wp-content\/uploads\/2024\/08\/mastersmunich-300x300.png 300w, https:\/\/mfc08.de\/wp-content\/uploads\/2024\/08\/mastersmunich-1024x1024.png 1024w, https:\/\/mfc08.de\/wp-content\/uploads\/2024\/08\/mastersmunich-150x150.png 150w, https:\/\/mfc08.de\/wp-content\/uploads\/2024\/08\/mastersmunich-768x768.png 768w, https:\/\/mfc08.de\/wp-content\/uploads\/2024\/08\/mastersmunich.png 1080w\" sizes=\"(max-width: 300px) 100vw, 300px\" \/>\n\t\t\t<\/div><\/figure><figure class='gallery-item'>\n\t\t\t<div class='gallery-icon landscape'>\n\t\t\t\t<img loading=\"lazy\" decoding=\"async\" width=\"300\" height=\"300\" src=\"https:\/\/mfc08.de\/wp-content\/uploads\/2024\/08\/schleifchenturnier-300x300.png\" class=\"attachment-medium size-medium\" alt=\"\" srcset=\"https:\/\/mfc08.de\/wp-content\/uploads\/2024\/08\/schleifchenturnier-300x300.png 300w, https:\/\/mfc08.de\/wp-content\/uploads\/2024\/08\/schleifchenturnier-1024x1024.png 1024w, https:\/\/mfc08.de\/wp-content\/uploads\/2024\/08\/schleifchenturnier-150x150.png 150w, https:\/\/mfc08.de\/wp-content\/uploads\/2024\/08\/schleifchenturnier-768x768.png 768w, https:\/\/mfc08.de\/wp-content\/uploads\/2024\/08\/schleifchenturnier.png 1080w\" sizes=\"(max-width: 300px) 100vw, 300px\" \/>\n\t\t\t<\/div><\/figure><figure class='gallery-item'>\n\t\t\t<div class='gallery-icon landscape'>\n\t\t\t\t<img loading=\"lazy\" decoding=\"async\" width=\"300\" height=\"300\" src=\"https:\/\/mfc08.de\/wp-content\/uploads\/2024\/03\/sieger-regio-300x300.png\" class=\"attachment-medium size-medium\" alt=\"\" srcset=\"https:\/\/mfc08.de\/wp-content\/uploads\/2024\/03\/sieger-regio-300x300.png 300w, https:\/\/mfc08.de\/wp-content\/uploads\/2024\/03\/sieger-regio-1024x1024.png 1024w, https:\/\/mfc08.de\/wp-content\/uploads\/2024\/03\/sieger-regio-150x150.png 150w, https:\/\/mfc08.de\/wp-content\/uploads\/2024\/03\/sieger-regio-768x768.png 768w, https:\/\/mfc08.de\/wp-content\/uploads\/2024\/03\/sieger-regio.png 1080w\" sizes=\"(max-width: 300px) 100vw, 300px\" \/>\n\t\t\t<\/div><\/figure><figure class='gallery-item'>\n\t\t\t<div class='gallery-icon landscape'>\n\t\t\t\t<img loading=\"lazy\" decoding=\"async\" width=\"300\" height=\"300\" src=\"https:\/\/mfc08.de\/wp-content\/uploads\/2024\/03\/flinta-training-300x300.png\" class=\"attachment-medium size-medium\" alt=\"\" srcset=\"https:\/\/mfc08.de\/wp-content\/uploads\/2024\/03\/flinta-training-300x300.png 300w, https:\/\/mfc08.de\/wp-content\/uploads\/2024\/03\/flinta-training-1024x1024.png 1024w, https:\/\/mfc08.de\/wp-content\/uploads\/2024\/03\/flinta-training-150x150.png 150w, https:\/\/mfc08.de\/wp-content\/uploads\/2024\/03\/flinta-training-768x768.png 768w, https:\/\/mfc08.de\/wp-content\/uploads\/2024\/03\/flinta-training.png 1080w\" sizes=\"(max-width: 300px) 100vw, 300px\" \/>\n\t\t\t<\/div><\/figure>\n\t\t<\/div>\n\t\t<\/div>\n\t\t\t\t\t\t<\/div>\n\t\t\t\t<\/div>\n\t\t\t\t\t<\/div>\n\t\t<\/div>\n\t\t\t\t\t<\/div>\n\t\t<\/section>\n\t\t\t\t<\/div>\n\t\t","protected":false},"excerpt":{"rendered":"<p>Roundnet: 3. sovanta Quadrate Cup am 24. &amp; 25. August Der Quadrate Cup in Mannheim hat sich in Roundnet-Deutschland bereits etabliert und&#8230; weiterlesen 7. August 2024 Roundnet: Deutsche Meisterschaften mit Mannheimer Beteiligung Der deutsche Meister in der Mixed Division steht fest! Am&nbsp;Wochenende&nbsp;vom 15. und&#8230; weiterlesen 28. Juni 2024 08er Sommerfest am 15.06.2024 Auch in diesem&hellip;&nbsp;<a href=\"https:\/\/mfc08.de\/?p=9256\" rel=\"bookmark\">Weiterlesen &raquo;<span class=\"screen-reader-text\">Roundnet: Neue Trainerlizenz<\/span><\/a><\/p>\n","protected":false},"author":2,"featured_media":0,"parent":4281,"menu_order":0,"comment_status":"closed","ping_status":"closed","template":"","meta":{"neve_meta_sidebar":"","neve_meta_container":"","neve_meta_enable_content_width":"","neve_meta_content_width":0,"neve_meta_title_alignment":"center","neve_meta_author_avatar":"","neve_post_elements_order":"","neve_meta_disable_header":"","neve_meta_disable_footer":"","neve_meta_disable_title":"","_themeisle_gutenberg_block_has_review":false,"footnotes":""},"class_list":["post-4316","page","type-page","status-publish","hentry"],"_links":{"self":[{"href":"https:\/\/mfc08.de\/index.php?rest_route=\/wp\/v2\/pages\/4316","targetHints":{"allow":["GET"]}}],"collection":[{"href":"https:\/\/mfc08.de\/index.php?rest_route=\/wp\/v2\/pages"}],"about":[{"href":"https:\/\/mfc08.de\/index.php?rest_route=\/wp\/v2\/types\/page"}],"author":[{"embeddable":true,"href":"https:\/\/mfc08.de\/index.php?rest_route=\/wp\/v2\/users\/2"}],"replies":[{"embeddable":true,"href":"https:\/\/mfc08.de\/index.php?rest_route=%2Fwp%2Fv2%2Fcomments&post=4316"}],"version-history":[{"count":14,"href":"https:\/\/mfc08.de\/index.php?rest_route=\/wp\/v2\/pages\/4316\/revisions"}],"predecessor-version":[{"id":8012,"href":"https:\/\/mfc08.de\/index.php?rest_route=\/wp\/v2\/pages\/4316\/revisions\/8012"}],"up":[{"embeddable":true,"href":"https:\/\/mfc08.de\/index.php?rest_route=\/wp\/v2\/pages\/4281"}],"wp:attachment":[{"href":"https:\/\/mfc08.de\/index.php?rest_route=%2Fwp%2Fv2%2Fmedia&parent=4316"}],"curies":[{"name":"wp","href":"https:\/\/api.w.org\/{rel}","templated":true}]}}