{"id":6302,"date":"2023-02-17T15:16:50","date_gmt":"2023-02-17T15:16:50","guid":{"rendered":"https:\/\/mfc08.de\/?page_id=6302"},"modified":"2026-01-18T17:51:56","modified_gmt":"2026-01-18T17:51:56","slug":"fussball-camp","status":"publish","type":"page","link":"https:\/\/mfc08.de\/?page_id=6302","title":{"rendered":"Fu\u00dfball-Camp"},"content":{"rendered":"\t\t<div data-elementor-type=\"wp-page\" data-elementor-id=\"6302\" class=\"elementor elementor-6302\">\n\t\t\t\t\t\t<section class=\"elementor-section elementor-top-section elementor-element elementor-element-74f5e43 elementor-section-boxed elementor-section-height-default elementor-section-height-default\" data-id=\"74f5e43\" data-element_type=\"section\" data-e-type=\"section\">\n\t\t\t\t\t\t<div class=\"elementor-container elementor-column-gap-default\">\n\t\t\t\t\t<div class=\"elementor-column elementor-col-25 elementor-top-column elementor-element elementor-element-9b12c84\" data-id=\"9b12c84\" data-element_type=\"column\" data-e-type=\"column\">\n\t\t\t<div class=\"elementor-widget-wrap elementor-element-populated\">\n\t\t\t\t\t\t<div class=\"elementor-element elementor-element-22a7481 elementor-widget elementor-widget-text-editor\" data-id=\"22a7481\" data-element_type=\"widget\" data-e-type=\"widget\" data-widget_type=\"text-editor.default\">\n\t\t\t\t<div class=\"elementor-widget-container\">\n\t\t\t\t\t\t\t\t\t<p><strong>Fu\u00dfballcamp Ostercamp<\/strong><\/p><p><strong>In Zusammenarbeit mit Leos Football Academy richten wir auf dem 08er Gel\u00e4nde vom 30.03 \u2013 02.04.2026 das vierte Mal ein Fu\u00dfballcamp aus. In diesem Jahr findet das Camp in den Osterferien statt.<\/strong><\/p><p><strong>Anmeldung \u00fcber:\u00a0 www.l<\/strong><a style=\"font-family: var( --e-global-typography-text-font-family ), Sans-serif; font-weight: var( --e-global-typography-text-font-weight ); font-size: var(--bodyfontsize); letter-spacing: var(--bodyletterspacing); text-transform: var(--bodytexttransform); background-color: var(--nv-site-bg);\" href=\"https:\/\/leos-footballacademy.de\/\">eos-footballacademy.de<\/a><\/p>\t\t\t\t\t\t\t\t<\/div>\n\t\t\t\t<\/div>\n\t\t\t\t\t<\/div>\n\t\t<\/div>\n\t\t\t\t<div class=\"elementor-column elementor-col-25 elementor-top-column elementor-element elementor-element-e1ffc55\" data-id=\"e1ffc55\" data-element_type=\"column\" data-e-type=\"column\">\n\t\t\t<div class=\"elementor-widget-wrap\">\n\t\t\t\t\t\t\t<\/div>\n\t\t<\/div>\n\t\t\t\t<div class=\"elementor-column elementor-col-50 elementor-top-column elementor-element elementor-element-c1ff60b\" data-id=\"c1ff60b\" data-element_type=\"column\" data-e-type=\"column\">\n\t\t\t<div class=\"elementor-widget-wrap elementor-element-populated\">\n\t\t\t\t\t\t<div class=\"elementor-element elementor-element-d602055 elementor-widget elementor-widget-image\" data-id=\"d602055\" data-element_type=\"widget\" data-e-type=\"widget\" data-widget_type=\"image.default\">\n\t\t\t\t<div class=\"elementor-widget-container\">\n\t\t\t\t\t\t\t\t\t\t\t\t\t\t\t<img fetchpriority=\"high\" decoding=\"async\" width=\"724\" height=\"1024\" src=\"https:\/\/mfc08.de\/wp-content\/uploads\/2026\/01\/WhatsApp-Image-2026-01-17-at-08.57.26-724x1024.jpeg\" class=\"attachment-large size-large wp-image-9873\" alt=\"\" srcset=\"https:\/\/mfc08.de\/wp-content\/uploads\/2026\/01\/WhatsApp-Image-2026-01-17-at-08.57.26-724x1024.jpeg 724w, https:\/\/mfc08.de\/wp-content\/uploads\/2026\/01\/WhatsApp-Image-2026-01-17-at-08.57.26-212x300.jpeg 212w, https:\/\/mfc08.de\/wp-content\/uploads\/2026\/01\/WhatsApp-Image-2026-01-17-at-08.57.26-768x1086.jpeg 768w, https:\/\/mfc08.de\/wp-content\/uploads\/2026\/01\/WhatsApp-Image-2026-01-17-at-08.57.26-1086x1536.jpeg 1086w, https:\/\/mfc08.de\/wp-content\/uploads\/2026\/01\/WhatsApp-Image-2026-01-17-at-08.57.26.jpeg 1131w\" sizes=\"(max-width: 724px) 100vw, 724px\" \/>\t\t\t\t\t\t\t\t\t\t\t\t\t\t\t<\/div>\n\t\t\t\t<\/div>\n\t\t\t\t\t<\/div>\n\t\t<\/div>\n\t\t\t\t\t<\/div>\n\t\t<\/section>\n\t\t\t\t<section class=\"elementor-section elementor-top-section elementor-element elementor-element-bc893ac elementor-section-boxed elementor-section-height-default elementor-section-height-default\" data-id=\"bc893ac\" data-element_type=\"section\" data-e-type=\"section\">\n\t\t\t\t\t\t<div class=\"elementor-container elementor-column-gap-default\">\n\t\t\t\t\t<div class=\"elementor-column elementor-col-100 elementor-top-column elementor-element elementor-element-f7a0d77\" data-id=\"f7a0d77\" data-element_type=\"column\" data-e-type=\"column\">\n\t\t\t<div class=\"elementor-widget-wrap\">\n\t\t\t\t\t\t\t<\/div>\n\t\t<\/div>\n\t\t\t\t\t<\/div>\n\t\t<\/section>\n\t\t\t\t<section class=\"elementor-section elementor-top-section elementor-element elementor-element-8dbd421 elementor-section-boxed elementor-section-height-default elementor-section-height-default\" data-id=\"8dbd421\" data-element_type=\"section\" data-e-type=\"section\">\n\t\t\t\t\t\t<div class=\"elementor-container elementor-column-gap-default\">\n\t\t\t\t\t<div class=\"elementor-column elementor-col-33 elementor-top-column elementor-element elementor-element-1812c5f\" data-id=\"1812c5f\" data-element_type=\"column\" data-e-type=\"column\">\n\t\t\t<div class=\"elementor-widget-wrap\">\n\t\t\t\t\t\t\t<\/div>\n\t\t<\/div>\n\t\t\t\t<div class=\"elementor-column elementor-col-33 elementor-top-column elementor-element elementor-element-e3c5981\" data-id=\"e3c5981\" data-element_type=\"column\" data-e-type=\"column\">\n\t\t\t<div class=\"elementor-widget-wrap elementor-element-populated\">\n\t\t\t\t\t\t<div class=\"elementor-element elementor-element-5a0c3e3 elementor-widget elementor-widget-text-editor\" data-id=\"5a0c3e3\" data-element_type=\"widget\" data-e-type=\"widget\" data-widget_type=\"text-editor.default\">\n\t\t\t\t<div class=\"elementor-widget-container\">\n\t\t\t\t\t\t\t\t\t<h3 style=\"margin-bottom: 0.5rem; font-family: 'Jost flex', sans-serif; font-weight: 500; line-height: 1.2; color: #000000; font-size: 1.75rem; letter-spacing: normal; text-transform: none;\">Das bietet Leos Football Academy<\/h3><div style=\"color: #000000; font-family: 'Jost flex', sans-serif;\"><p style=\"margin-bottom: 1rem;\"><span style=\"color: #100707; font-family: 'Work Sans', sans-serif; background-color: #f9f9f9;\">Was unterscheidet Leos Football Academy von anderen Fu\u00dfballschulen? Es sind ausschlie\u00dflich UEFA-lizenzierte Fu\u00dfballtrainer. Ihre Erfahrung im Umgang mit Kindern, aber auch mit Jugendlichen und Profispielern bringen sie aus der Jugendarbeit beim Deutschen Fu\u00dfballbund (DFB), aus verschiedenen Nachwuchsleistungszentren (NLZ\u2018s) und aus Erfahrungen der eigenen Profikarriere mit.<\/span><br style=\"color: #100707; font-family: 'Work Sans', sans-serif; background-color: #f9f9f9;\" \/><span style=\"color: #100707; font-family: 'Work Sans', sans-serif; background-color: #f9f9f9;\">Dabei arbeiten sie im Detail und konzentrieren uns auf die Individualisierung des Spielers.<\/span><br style=\"color: #100707; font-family: 'Work Sans', sans-serif; background-color: #f9f9f9;\" \/><span style=\"color: #100707; font-family: 'Work Sans', sans-serif; background-color: #f9f9f9;\">Das Individualtraining verbindet Koordination und Technik aber auch kognitive Fertigkeiten, die wir auf den Spieler abstimmen.<\/span><br style=\"color: #100707; font-family: 'Work Sans', sans-serif; background-color: #f9f9f9;\" \/><span style=\"color: #100707; font-family: 'Work Sans', sans-serif; background-color: #f9f9f9;\">Selbstverst\u00e4ndlich stehen die Freude an der Bewegung und der Spa\u00df mit dem Ball im Mittelpunkt. Ausgew\u00e4hlte, aufeinander abgestimmte Trainingsbausteine sorgen daf\u00fcr, da\u00df das Erlernte im Mannschaftstraining oder Spiel angewandt werden kann.<\/span><\/p><\/div>\t\t\t\t\t\t\t\t<\/div>\n\t\t\t\t<\/div>\n\t\t\t\t\t<\/div>\n\t\t<\/div>\n\t\t\t\t<div class=\"elementor-column elementor-col-33 elementor-top-column elementor-element elementor-element-7c66a9b\" data-id=\"7c66a9b\" data-element_type=\"column\" data-e-type=\"column\">\n\t\t\t<div class=\"elementor-widget-wrap\">\n\t\t\t\t\t\t\t<\/div>\n\t\t<\/div>\n\t\t\t\t\t<\/div>\n\t\t<\/section>\n\t\t\t\t<section class=\"elementor-section elementor-top-section elementor-element elementor-element-2e340d6 elementor-section-boxed elementor-section-height-default elementor-section-height-default\" data-id=\"2e340d6\" data-element_type=\"section\" data-e-type=\"section\">\n\t\t\t\t\t\t<div class=\"elementor-container elementor-column-gap-default\">\n\t\t\t\t\t<div class=\"elementor-column elementor-col-100 elementor-top-column elementor-element elementor-element-c93c90b\" data-id=\"c93c90b\" data-element_type=\"column\" data-e-type=\"column\">\n\t\t\t<div class=\"elementor-widget-wrap elementor-element-populated\">\n\t\t\t\t\t\t<section class=\"elementor-section elementor-inner-section elementor-element elementor-element-5417bed elementor-section-boxed elementor-section-height-default elementor-section-height-default\" data-id=\"5417bed\" data-element_type=\"section\" data-e-type=\"section\">\n\t\t\t\t\t\t<div class=\"elementor-container elementor-column-gap-default\">\n\t\t\t\t\t<div class=\"elementor-column elementor-col-50 elementor-inner-column elementor-element elementor-element-999c270\" data-id=\"999c270\" data-element_type=\"column\" data-e-type=\"column\">\n\t\t\t<div class=\"elementor-widget-wrap\">\n\t\t\t\t\t\t\t<\/div>\n\t\t<\/div>\n\t\t\t\t<div class=\"elementor-column elementor-col-50 elementor-inner-column elementor-element elementor-element-b0d7c3d\" data-id=\"b0d7c3d\" data-element_type=\"column\" data-e-type=\"column\">\n\t\t\t<div class=\"elementor-widget-wrap\">\n\t\t\t\t\t\t\t<\/div>\n\t\t<\/div>\n\t\t\t\t\t<\/div>\n\t\t<\/section>\n\t\t\t\t\t<\/div>\n\t\t<\/div>\n\t\t\t\t\t<\/div>\n\t\t<\/section>\n\t\t\t\t<section class=\"elementor-section elementor-top-section elementor-element elementor-element-ee76227 elementor-section-boxed elementor-section-height-default elementor-section-height-default\" data-id=\"ee76227\" data-element_type=\"section\" data-e-type=\"section\">\n\t\t\t\t\t\t<div class=\"elementor-container elementor-column-gap-default\">\n\t\t\t\t\t<div class=\"elementor-column elementor-col-100 elementor-top-column elementor-element elementor-element-cc8def3\" data-id=\"cc8def3\" data-element_type=\"column\" data-e-type=\"column\">\n\t\t\t<div class=\"elementor-widget-wrap\">\n\t\t\t\t\t\t\t<\/div>\n\t\t<\/div>\n\t\t\t\t\t<\/div>\n\t\t<\/section>\n\t\t\t\t<\/div>\n\t\t","protected":false},"excerpt":{"rendered":"<p>Fu\u00dfballcamp Ostercamp In Zusammenarbeit mit Leos Football Academy richten wir auf dem 08er Gel\u00e4nde vom 30.03 \u2013 02.04.2026 das vierte Mal ein Fu\u00dfballcamp aus. In diesem Jahr findet das Camp in den Osterferien statt. Anmeldung \u00fcber:\u00a0 www.leos-footballacademy.de Das bietet Leos Football Academy Was unterscheidet Leos Football Academy von anderen Fu\u00dfballschulen? Es sind ausschlie\u00dflich UEFA-lizenzierte Fu\u00dfballtrainer.&hellip;&nbsp;<a href=\"https:\/\/mfc08.de\/?page_id=6302\" rel=\"bookmark\">Weiterlesen &raquo;<span class=\"screen-reader-text\">Fu\u00dfball-Camp<\/span><\/a><\/p>\n","protected":false},"author":1,"featured_media":0,"parent":0,"menu_order":0,"comment_status":"closed","ping_status":"closed","template":"","meta":{"neve_meta_sidebar":"full-width","neve_meta_container":"","neve_meta_enable_content_width":"on","neve_meta_content_width":100,"neve_meta_title_alignment":"","neve_meta_author_avatar":"","neve_post_elements_order":"","neve_meta_disable_header":"","neve_meta_disable_footer":"","neve_meta_disable_title":"","_themeisle_gutenberg_block_has_review":false,"footnotes":""},"class_list":["post-6302","page","type-page","status-publish","hentry"],"_links":{"self":[{"href":"https:\/\/mfc08.de\/index.php?rest_route=\/wp\/v2\/pages\/6302","targetHints":{"allow":["GET"]}}],"collection":[{"href":"https:\/\/mfc08.de\/index.php?rest_route=\/wp\/v2\/pages"}],"about":[{"href":"https:\/\/mfc08.de\/index.php?rest_route=\/wp\/v2\/types\/page"}],"author":[{"embeddable":true,"href":"https:\/\/mfc08.de\/index.php?rest_route=\/wp\/v2\/users\/1"}],"replies":[{"embeddable":true,"href":"https:\/\/mfc08.de\/index.php?rest_route=%2Fwp%2Fv2%2Fcomments&post=6302"}],"version-history":[{"count":50,"href":"https:\/\/mfc08.de\/index.php?rest_route=\/wp\/v2\/pages\/6302\/revisions"}],"predecessor-version":[{"id":9879,"href":"https:\/\/mfc08.de\/index.php?rest_route=\/wp\/v2\/pages\/6302\/revisions\/9879"}],"wp:attachment":[{"href":"https:\/\/mfc08.de\/index.php?rest_route=%2Fwp%2Fv2%2Fmedia&parent=6302"}],"curies":[{"name":"wp","href":"https:\/\/api.w.org\/{rel}","templated":true}]}}